{"id":6179,"date":"2024-07-02T07:56:36","date_gmt":"2024-07-02T07:56:36","guid":{"rendered":"https:\/\/lencsesibiobolt.hu\/?post_type=product&#038;p=6179"},"modified":"2024-07-02T07:56:36","modified_gmt":"2024-07-02T07:56:36","slug":"zafir-contra-spiculum-kapszula-30-db","status":"publish","type":"product","link":"https:\/\/lencsesibiobolt.hu\/?product=zafir-contra-spiculum-kapszula-30-db","title":{"rendered":"Zaf\u00edr Contra Spiculum Kapszula (30 DB)"},"content":{"rendered":"<div id=\"leiras-tab\" class=\"section col-12 col-md-8 active-section\">\n<div class=\"cr-description\">\n<p>Contra Spiculum DR porkapszula 30 db<\/p>\n<p>Az Eg\u00e9szs\u00e9g\u00fcgyi Vil\u00e1gtan\u00e1cs (WCH, Dr. Joseph Mercola, 2021.11.30.) k\u00f6zz\u00e9tette hogy a v\u00edrusfert\u0151z\u00e9sek \u00e9s injekci\u00f3k ut\u00e1n sz\u00e1mos t\u00fcskefeh\u00e9rje maradhat a szervezetben, melyek a sejtek, sz\u00f6vetek \u00e9s szervek k\u00e1rosod\u00e1s\u00e1t okozhatj\u00e1k. A WCH azt is publik\u00e1lta, hogy ezek a feh\u00e9rj\u00e9k felel\u0151sek a v\u00edrusfert\u0151z\u00e9sek patol\u00f3gi\u00e1j\u00e1\u00e9rt, tov\u00e1bb\u00e1 elk\u00e9sz\u00edtettek egy \u00fatmutat\u00f3t a semleges\u00edt\u00e9s\u00fckre. Ezen dokumentum alapj\u00e1n \u00e1ll\u00edtottuk \u00f6ssze a Contra Spiculum DR kapszul\u00e1nkat, hogy a t\u00fcskefeh\u00e9rj\u00e9k negat\u00edv hat\u00e1s\u00e1t cs\u00f6kkenthess\u00fck. Az \u00f6sszetev\u0151k egy\u00fcttes er\u0151vel er\u0151s\u00edthetik a szervezetet, cs\u00f6kkenthetik a gyullad\u00e1st \u00e9s megg\u00e1tolhatj\u00e1k a fert\u0151z\u00e9s\u00e9rt felel\u0151s folyamatokat.<\/p>\n<p><strong>\u00d6sszetev\u0151k (1 kapszul\u00e1ban):<\/strong><\/p>\n<ul>\n<li><strong>Feny\u0151t\u0171 (65mg):<\/strong>\u00a0V\u00e9d a fert\u0151z\u00e9sek ellen \u00e9s er\u0151s\u00edti az immunrendszert.<\/li>\n<li><strong>Gyermekl\u00e1ncf\u0171 (65mg):<\/strong>\u00a0Ki\u00fcr\u00edti a m\u00e9reganyagokat a szervezetb\u0151l, f\u0151k\u00e9nt a m\u00e1jb\u00f3l.<\/li>\n<li><strong>Feketek\u00f6m\u00e9ny (65mg):<\/strong>\u00a0Bakt\u00e9riumok elpuszt\u00edt\u00e1s\u00e1ra hivatott.<\/li>\n<li><strong>Neem lev\u00e9l (65mg):<\/strong>\u00a0Akad\u00e1lyozza a v\u00edrus szaporod\u00f3k\u00e9pess\u00e9g\u00e9t.<\/li>\n<li><strong>Quercetin (65mg):<\/strong>\u00a0Er\u0151s antioxid\u00e1ns, megel\u0151zheti a fels\u0151 l\u00e9g\u00fati megbeteged\u00e9seket.<\/li>\n<li><strong>Resveratrol (65mg):<\/strong>\u00a0Er\u0151s antioxid\u00e1ns, cs\u00f6kkenti a gyullad\u00e1sokat \u00e9s a bakt\u00e9riumok elszaporod\u00e1s\u00e1t.<\/li>\n<\/ul>\n<p><strong>Alkalmaz\u00e1sa\/Felhaszn\u00e1l\u00e1sa:<\/strong><\/p>\n<p>A term\u00e9szetes \u00f6sszetev\u0151k egy\u00fcttm\u0171k\u00f6d\u00e9se seg\u00edthet a szervezet\u00fcnkben maradt t\u00fcskefeh\u00e9rj\u00e9k semleges\u00edt\u00e9s\u00e9ben, cs\u00f6kkenti a gyullad\u00e1sokat \u00e9s megg\u00e1tolhatja a megfert\u0151z\u0151d\u00e9s es\u00e9ly\u00e9t \u00e1ltal\u00e1nos immuner\u0151s\u00edt\u00e9s mellett.<\/p>\n<p><strong>Felhaszn\u00e1l\u00e1si javaslat, melyet nem tan\u00e1csos t\u00fall\u00e9pni:\u00a0<\/strong>K\u00faraszer\u0171en, napi 1-2 kapszula, \u00e9tkez\u00e9s el\u0151tt, b\u0151s\u00e9ges folyad\u00e9kkal lenyelve<\/p>\n<p>Probl\u00e9ma eset\u00e9n keresse fel Szaktan\u00e1csad\u00f3nkat!<\/p>\n<p><strong>A flakon tartalma:\u00a0<\/strong>30 vagy 60 db DR \u201e0\u201d m\u00e9ret\u0171 porkapszula, amelynek a norm\u00e1l kapszul\u00e1n\u00e1l 4x hat\u00e9konyabb a felsz\u00edv\u00f3d\u00e1sa. Kapszul\u00e1nk\u00e9nt 390 mg t\u00f6ltetet tartalmaz. A term\u00e9k szavatoss\u00e1ga 2 \u00e9v. T\u00e1rol\u00e1sa napf\u00e9nyt\u0151l v\u00e9dett helyen. H\u0171t\u00e9st nem ig\u00e9nyel. Gyermekek el\u0151l gondosan elz\u00e1rand\u00f3!<\/p>\n<p>A term\u00e9k tart\u00f3s\u00edt\u00f3szert\u0151l, sz\u00ednez\u00e9k- \u00e9s adal\u00e9kanyagt\u00f3l mentes \u00e9trend-kieg\u00e9sz\u00edt\u0151, mell\u00e9khat\u00e1sa nincs, de hosszabb k\u00fara el\u0151tt, vagy b\u00e1rmilyen eg\u00e9szs\u00e9g\u00fcgyi probl\u00e9ma eset\u00e9n k\u00e9rje ki kezel\u0151orvosa v\u00e9lem\u00e9ny\u00e9t.<\/p>\n<p>Az \u00e9trend-kieg\u00e9sz\u00edt\u0151 fogyaszt\u00e1sa nem helyettes\u00edti a v\u00e1ltozatos, kiegyens\u00falyozott, vegyes \u00e9trendet \u00e9s az eg\u00e9szs\u00e9ges \u00e9letm\u00f3dot.<\/p>\n<p>&nbsp;<\/p>\n<\/div>\n<\/div>\n<div id=\"adatok-tab\" class=\"section col-12 col-md-4\">\n<ul class=\"pd__spec\">\n<li>\n<div class=\"row spec__item\">\n<div class=\"h3 col-12\">Jellemz\u0151k<\/div>\n<ul class=\"value col-6\">\n<li><\/li>\n<\/ul>\n<\/div>\n<ul>\n<li>\n<div class=\"row spec__item\">\n<div class=\"key col-6\">lakt\u00f3zmentes<\/div>\n<ul class=\"value col-6\">\n<li>Igen<\/li>\n<\/ul>\n<\/div>\n<\/li>\n<li>\n<div class=\"row spec__item\">\n<div class=\"key col-6\">cukormentes<\/div>\n<ul class=\"value col-6\">\n<li>Igen<\/li>\n<\/ul>\n<\/div>\n<\/li>\n<li>\n<div class=\"row spec__item\">\n<div class=\"key col-6\">veg\u00e1n<\/div>\n<ul class=\"value col-6\">\n<li>Igen<\/li>\n<\/ul>\n<\/div>\n<\/li>\n<li>\n<div class=\"row spec__item\">\n<div class=\"key col-6\">glut\u00e9nmentes<\/div>\n<ul class=\"value col-6\">\n<li>Igen<\/li>\n<\/ul>\n<\/div>\n<\/li>\n<li>\n<div class=\"row spec__item\">\n<div class=\"key col-6\">paleo<\/div>\n<ul class=\"value col-6\">\n<li>Igen<\/li>\n<\/ul>\n<\/div>\n<\/li>\n<li>\n<div class=\"row spec__item\">\n<div class=\"key col-6\">sz\u00f3j<\/div>\n<\/div>\n<\/li>\n<\/ul>\n<\/li>\n<\/ul>\n<\/div>\n","protected":false},"excerpt":{"rendered":"<p>Egys\u00e9g\u00e1r: 210 Ft\/db<\/p>\n","protected":false},"featured_media":6180,"comment_status":"open","ping_status":"closed","template":"","meta":{"site-sidebar-layout":"default","site-content-layout":"default","ast-global-header-display":"","ast-main-header-display":"","ast-hfb-above-header-display":"","ast-hfb-below-header-display":"","ast-hfb-mobile-header-display":"","site-post-title":"","ast-breadcrumbs-content":"","ast-featured-img":"","footer-sml-layout":"","theme-transparent-header-meta":"default","adv-header-id-meta":"","stick-header-meta":"","header-above-stick-meta":"","header-main-stick-meta":"","header-below-stick-meta":""},"product_cat":[44,56],"product_tag":[],"class_list":{"0":"post-6179","1":"product","2":"type-product","3":"status-publish","4":"has-post-thumbnail","6":"product_cat-etrend-kiegeszitok","7":"product_cat-virusvedelem","8":"desktop-align-left","9":"tablet-align-left","10":"mobile-align-left","12":"first","13":"instock","14":"sale","15":"shipping-taxable","16":"purchasable","17":"product-type-simple"},"yoast_head":"<!-- This site is optimized with the Yoast SEO plugin v25.1 - https:\/\/yoast.com\/wordpress\/plugins\/seo\/ -->\n<title>Zaf\u00edr Contra Spiculum Kapszula (30 DB) - Lencs\u00e9si Biobolt<\/title>\n<meta name=\"robots\" content=\"index, follow, max-snippet:-1, max-image-preview:large, max-video-preview:-1\" \/>\n<link rel=\"canonical\" href=\"https:\/\/lencsesibiobolt.hu\/?product=zafir-contra-spiculum-kapszula-30-db\" \/>\n<meta property=\"og:locale\" content=\"hu_HU\" \/>\n<meta property=\"og:type\" content=\"article\" \/>\n<meta property=\"og:title\" content=\"Zaf\u00edr Contra Spiculum Kapszula (30 DB) - Lencs\u00e9si Biobolt\" \/>\n<meta property=\"og:description\" content=\"Egys\u00e9g\u00e1r: 210 Ft\/db\" \/>\n<meta property=\"og:url\" content=\"https:\/\/lencsesibiobolt.hu\/?product=zafir-contra-spiculum-kapszula-30-db\" \/>\n<meta property=\"og:site_name\" content=\"Lencs\u00e9si Biobolt\" \/>\n<meta property=\"article:publisher\" content=\"https:\/\/www.facebook.com\/lencsesibiobolt\" \/>\n<meta property=\"og:image\" content=\"https:\/\/lencsesibiobolt.hu\/wp-content\/uploads\/2024\/07\/contra30.jpg\" \/>\n\t<meta property=\"og:image:width\" content=\"1000\" \/>\n\t<meta property=\"og:image:height\" content=\"1000\" \/>\n\t<meta property=\"og:image:type\" content=\"image\/jpeg\" \/>\n<meta name=\"twitter:card\" content=\"summary_large_image\" \/>\n<meta name=\"twitter:label1\" content=\"Becs\u00fclt olvas\u00e1si id\u0151\" \/>\n\t<meta name=\"twitter:data1\" content=\"2 perc\" \/>\n<script type=\"application\/ld+json\" class=\"yoast-schema-graph\">{\"@context\":\"https:\/\/schema.org\",\"@graph\":[{\"@type\":\"WebPage\",\"@id\":\"https:\/\/lencsesibiobolt.hu\/?product=zafir-contra-spiculum-kapszula-30-db\",\"url\":\"https:\/\/lencsesibiobolt.hu\/?product=zafir-contra-spiculum-kapszula-30-db\",\"name\":\"Zaf\u00edr Contra Spiculum Kapszula (30 DB) - Lencs\u00e9si Biobolt\",\"isPartOf\":{\"@id\":\"https:\/\/lencsesibiobolt.hu\/#website\"},\"primaryImageOfPage\":{\"@id\":\"https:\/\/lencsesibiobolt.hu\/?product=zafir-contra-spiculum-kapszula-30-db#primaryimage\"},\"image\":{\"@id\":\"https:\/\/lencsesibiobolt.hu\/?product=zafir-contra-spiculum-kapszula-30-db#primaryimage\"},\"thumbnailUrl\":\"https:\/\/lencsesibiobolt.hu\/wp-content\/uploads\/2024\/07\/contra30.jpg\",\"datePublished\":\"2024-07-02T07:56:36+00:00\",\"breadcrumb\":{\"@id\":\"https:\/\/lencsesibiobolt.hu\/?product=zafir-contra-spiculum-kapszula-30-db#breadcrumb\"},\"inLanguage\":\"hu\",\"potentialAction\":[{\"@type\":\"ReadAction\",\"target\":[\"https:\/\/lencsesibiobolt.hu\/?product=zafir-contra-spiculum-kapszula-30-db\"]}]},{\"@type\":\"ImageObject\",\"inLanguage\":\"hu\",\"@id\":\"https:\/\/lencsesibiobolt.hu\/?product=zafir-contra-spiculum-kapszula-30-db#primaryimage\",\"url\":\"https:\/\/lencsesibiobolt.hu\/wp-content\/uploads\/2024\/07\/contra30.jpg\",\"contentUrl\":\"https:\/\/lencsesibiobolt.hu\/wp-content\/uploads\/2024\/07\/contra30.jpg\",\"width\":1000,\"height\":1000},{\"@type\":\"BreadcrumbList\",\"@id\":\"https:\/\/lencsesibiobolt.hu\/?product=zafir-contra-spiculum-kapszula-30-db#breadcrumb\",\"itemListElement\":[{\"@type\":\"ListItem\",\"position\":1,\"name\":\"Kezd\u0151lap\",\"item\":\"https:\/\/lencsesibiobolt.hu\/\"},{\"@type\":\"ListItem\",\"position\":2,\"name\":\"Bolt\",\"item\":\"https:\/\/lencsesibiobolt.hu\/?page_id=401\"},{\"@type\":\"ListItem\",\"position\":3,\"name\":\"Zaf\u00edr Contra Spiculum Kapszula (30 DB)\"}]},{\"@type\":\"WebSite\",\"@id\":\"https:\/\/lencsesibiobolt.hu\/#website\",\"url\":\"https:\/\/lencsesibiobolt.hu\/\",\"name\":\"Lencs\u00e9si Biobolt\",\"description\":\"\",\"publisher\":{\"@id\":\"https:\/\/lencsesibiobolt.hu\/#organization\"},\"potentialAction\":[{\"@type\":\"SearchAction\",\"target\":{\"@type\":\"EntryPoint\",\"urlTemplate\":\"https:\/\/lencsesibiobolt.hu\/?s={search_term_string}\"},\"query-input\":{\"@type\":\"PropertyValueSpecification\",\"valueRequired\":true,\"valueName\":\"search_term_string\"}}],\"inLanguage\":\"hu\"},{\"@type\":\"Organization\",\"@id\":\"https:\/\/lencsesibiobolt.hu\/#organization\",\"name\":\"Lencs\u00e9si Biobolt\",\"url\":\"https:\/\/lencsesibiobolt.hu\/\",\"logo\":{\"@type\":\"ImageObject\",\"inLanguage\":\"hu\",\"@id\":\"https:\/\/lencsesibiobolt.hu\/#\/schema\/logo\/image\/\",\"url\":\"https:\/\/lencsesibiobolt.hu\/wp-content\/uploads\/2024\/01\/cropped-Zold-Kanal-Vegetarianus-Etterem-Logo-masolata-e1705084274293.png\",\"contentUrl\":\"https:\/\/lencsesibiobolt.hu\/wp-content\/uploads\/2024\/01\/cropped-Zold-Kanal-Vegetarianus-Etterem-Logo-masolata-e1705084274293.png\",\"width\":396,\"height\":268,\"caption\":\"Lencs\u00e9si Biobolt\"},\"image\":{\"@id\":\"https:\/\/lencsesibiobolt.hu\/#\/schema\/logo\/image\/\"},\"sameAs\":[\"https:\/\/www.facebook.com\/lencsesibiobolt\"]}]}<\/script>\n<!-- \/ Yoast SEO plugin. -->","yoast_head_json":{"title":"Zaf\u00edr Contra Spiculum Kapszula (30 DB) - Lencs\u00e9si Biobolt","robots":{"index":"index","follow":"follow","max-snippet":"max-snippet:-1","max-image-preview":"max-image-preview:large","max-video-preview":"max-video-preview:-1"},"canonical":"https:\/\/lencsesibiobolt.hu\/?product=zafir-contra-spiculum-kapszula-30-db","og_locale":"hu_HU","og_type":"article","og_title":"Zaf\u00edr Contra Spiculum Kapszula (30 DB) - Lencs\u00e9si Biobolt","og_description":"Egys\u00e9g\u00e1r: 210 Ft\/db","og_url":"https:\/\/lencsesibiobolt.hu\/?product=zafir-contra-spiculum-kapszula-30-db","og_site_name":"Lencs\u00e9si Biobolt","article_publisher":"https:\/\/www.facebook.com\/lencsesibiobolt","og_image":[{"width":1000,"height":1000,"url":"https:\/\/lencsesibiobolt.hu\/wp-content\/uploads\/2024\/07\/contra30.jpg","type":"image\/jpeg"}],"twitter_card":"summary_large_image","twitter_misc":{"Becs\u00fclt olvas\u00e1si id\u0151":"2 perc"},"schema":{"@context":"https:\/\/schema.org","@graph":[{"@type":"WebPage","@id":"https:\/\/lencsesibiobolt.hu\/?product=zafir-contra-spiculum-kapszula-30-db","url":"https:\/\/lencsesibiobolt.hu\/?product=zafir-contra-spiculum-kapszula-30-db","name":"Zaf\u00edr Contra Spiculum Kapszula (30 DB) - Lencs\u00e9si Biobolt","isPartOf":{"@id":"https:\/\/lencsesibiobolt.hu\/#website"},"primaryImageOfPage":{"@id":"https:\/\/lencsesibiobolt.hu\/?product=zafir-contra-spiculum-kapszula-30-db#primaryimage"},"image":{"@id":"https:\/\/lencsesibiobolt.hu\/?product=zafir-contra-spiculum-kapszula-30-db#primaryimage"},"thumbnailUrl":"https:\/\/lencsesibiobolt.hu\/wp-content\/uploads\/2024\/07\/contra30.jpg","datePublished":"2024-07-02T07:56:36+00:00","breadcrumb":{"@id":"https:\/\/lencsesibiobolt.hu\/?product=zafir-contra-spiculum-kapszula-30-db#breadcrumb"},"inLanguage":"hu","potentialAction":[{"@type":"ReadAction","target":["https:\/\/lencsesibiobolt.hu\/?product=zafir-contra-spiculum-kapszula-30-db"]}]},{"@type":"ImageObject","inLanguage":"hu","@id":"https:\/\/lencsesibiobolt.hu\/?product=zafir-contra-spiculum-kapszula-30-db#primaryimage","url":"https:\/\/lencsesibiobolt.hu\/wp-content\/uploads\/2024\/07\/contra30.jpg","contentUrl":"https:\/\/lencsesibiobolt.hu\/wp-content\/uploads\/2024\/07\/contra30.jpg","width":1000,"height":1000},{"@type":"BreadcrumbList","@id":"https:\/\/lencsesibiobolt.hu\/?product=zafir-contra-spiculum-kapszula-30-db#breadcrumb","itemListElement":[{"@type":"ListItem","position":1,"name":"Kezd\u0151lap","item":"https:\/\/lencsesibiobolt.hu\/"},{"@type":"ListItem","position":2,"name":"Bolt","item":"https:\/\/lencsesibiobolt.hu\/?page_id=401"},{"@type":"ListItem","position":3,"name":"Zaf\u00edr Contra Spiculum Kapszula (30 DB)"}]},{"@type":"WebSite","@id":"https:\/\/lencsesibiobolt.hu\/#website","url":"https:\/\/lencsesibiobolt.hu\/","name":"Lencs\u00e9si Biobolt","description":"","publisher":{"@id":"https:\/\/lencsesibiobolt.hu\/#organization"},"potentialAction":[{"@type":"SearchAction","target":{"@type":"EntryPoint","urlTemplate":"https:\/\/lencsesibiobolt.hu\/?s={search_term_string}"},"query-input":{"@type":"PropertyValueSpecification","valueRequired":true,"valueName":"search_term_string"}}],"inLanguage":"hu"},{"@type":"Organization","@id":"https:\/\/lencsesibiobolt.hu\/#organization","name":"Lencs\u00e9si Biobolt","url":"https:\/\/lencsesibiobolt.hu\/","logo":{"@type":"ImageObject","inLanguage":"hu","@id":"https:\/\/lencsesibiobolt.hu\/#\/schema\/logo\/image\/","url":"https:\/\/lencsesibiobolt.hu\/wp-content\/uploads\/2024\/01\/cropped-Zold-Kanal-Vegetarianus-Etterem-Logo-masolata-e1705084274293.png","contentUrl":"https:\/\/lencsesibiobolt.hu\/wp-content\/uploads\/2024\/01\/cropped-Zold-Kanal-Vegetarianus-Etterem-Logo-masolata-e1705084274293.png","width":396,"height":268,"caption":"Lencs\u00e9si Biobolt"},"image":{"@id":"https:\/\/lencsesibiobolt.hu\/#\/schema\/logo\/image\/"},"sameAs":["https:\/\/www.facebook.com\/lencsesibiobolt"]}]}},"_links":{"self":[{"href":"https:\/\/lencsesibiobolt.hu\/index.php?rest_route=\/wp\/v2\/product\/6179","targetHints":{"allow":["GET"]}}],"collection":[{"href":"https:\/\/lencsesibiobolt.hu\/index.php?rest_route=\/wp\/v2\/product"}],"about":[{"href":"https:\/\/lencsesibiobolt.hu\/index.php?rest_route=\/wp\/v2\/types\/product"}],"replies":[{"embeddable":true,"href":"https:\/\/lencsesibiobolt.hu\/index.php?rest_route=%2Fwp%2Fv2%2Fcomments&post=6179"}],"wp:featuredmedia":[{"embeddable":true,"href":"https:\/\/lencsesibiobolt.hu\/index.php?rest_route=\/wp\/v2\/media\/6180"}],"wp:attachment":[{"href":"https:\/\/lencsesibiobolt.hu\/index.php?rest_route=%2Fwp%2Fv2%2Fmedia&parent=6179"}],"wp:term":[{"taxonomy":"product_cat","embeddable":true,"href":"https:\/\/lencsesibiobolt.hu\/index.php?rest_route=%2Fwp%2Fv2%2Fproduct_cat&post=6179"},{"taxonomy":"product_tag","embeddable":true,"href":"https:\/\/lencsesibiobolt.hu\/index.php?rest_route=%2Fwp%2Fv2%2Fproduct_tag&post=6179"}],"curies":[{"name":"wp","href":"https:\/\/api.w.org\/{rel}","templated":true}]}}