{"id":5793,"date":"2022-11-19T17:12:56","date_gmt":"2022-11-19T17:12:56","guid":{"rendered":"https:\/\/lencsesibiobolt.hu\/?post_type=product&#038;p=5793"},"modified":"2024-07-04T08:15:46","modified_gmt":"2024-07-04T08:15:46","slug":"balint-cseppek-idegeimre-mentek-cseppek","status":"publish","type":"product","link":"https:\/\/lencsesibiobolt.hu\/?product=balint-cseppek-idegeimre-mentek-cseppek","title":{"rendered":"B\u00e1lint Cseppek Idegeimre mentek cseppek"},"content":{"rendered":"<h1><span style=\"font-weight: 400;\">IDEGEIMRE MENTEK CSEPP 50ml<\/span><\/h1>\n<p><span style=\"font-weight: 400;\">\u00d6SSZETEV\u0150K:<\/span><\/p>\n<p><span style=\"font-weight: 400;\">Hordoz\u00f3 (v\u00edz \u00e9s alkohol), citromf\u0171, levendula, macskagy\u00f6k\u00e9r<\/span><\/p>\n<p><span style=\"font-weight: 400;\">A levendula legismertebb hat\u00f3anyaga alinalool. A valeriana gy\u00f6k\u00e9r valerianasvat, -a citromf\u0171 hidroxifah\u00e9jsavakat tartalmaz. Ezeket a gy\u00f3gyn\u00f6v\u00e9nyeket a n\u00e9pgy\u00f3gy\u00e1szatban r\u00e9g\u00f3ta alkalmazz\u00e1k. Hozz\u00e1j\u00e1rulnak a norm\u00e1l ideg\u00e1llapot, a lelki egyens\u00faly fenntart\u00e1s\u00e1hoz, a megfelel\u0151 relax\u00e1ci\u00f3hoz, az eg\u00e9szs\u00e9ges alv\u00e1shoz.<\/span><\/p>\n<p><span style=\"font-weight: 400;\">FOGYASZT\u00c1SI JAVASLAT:<\/span><\/p>\n<p><span style=\"font-weight: 400;\">Naponta 3&#215;25 csepp 1 dl v\u00edzben oldva \u00e9tkez\u00e9s el\u0151tt.<\/span><\/p>\n<p><span style=\"font-weight: 400;\">Az aj\u00e1nlott fogyaszt\u00e1si mennyis\u00e9get ne l\u00e9pje t\u00fal!<\/span><\/p>\n<p><span style=\"font-weight: 400;\">Az \u00e9trend-kieg\u00e9sz\u00edt\u0151 nem helyettes\u00edti a vegyes \u00e9trendet \u00e9s a kiegyens\u00falyozott \u00e9letm\u00f3dot.<\/span><\/p>\n<p><span style=\"font-weight: 400;\">T\u00c1ROL\u00c1S:<\/span><\/p>\n<p><span style=\"font-weight: 400;\">Szobah\u0151m\u00e9rs\u00e9kleten, gyermekek el\u0151l elz\u00e1rva!<\/span><\/p>\n<p><span style=\"font-weight: 400;\">A term\u00e9kben \u00fcled\u00e9kesed\u00e9s el\u0151fordulhat, amely nem befoly\u00e1solja a term\u00e9k hat\u00e1s\u00e1t.<\/span><\/p>\n","protected":false},"excerpt":{"rendered":"<p>Egys\u00e9g\u00e1r: 56000 Ft\/l<\/p>\n","protected":false},"featured_media":6079,"comment_status":"open","ping_status":"closed","template":"","meta":{"site-sidebar-layout":"default","site-content-layout":"default","ast-global-header-display":"","ast-main-header-display":"","ast-hfb-above-header-display":"","ast-hfb-below-header-display":"","ast-hfb-mobile-header-display":"","site-post-title":"","ast-breadcrumbs-content":"","ast-featured-img":"","footer-sml-layout":"","theme-transparent-header-meta":"default","adv-header-id-meta":"","stick-header-meta":"","header-above-stick-meta":"","header-main-stick-meta":"","header-below-stick-meta":""},"product_cat":[44,53],"product_tag":[],"class_list":{"0":"post-5793","1":"product","2":"type-product","3":"status-publish","4":"has-post-thumbnail","6":"product_cat-etrend-kiegeszitok","7":"product_cat-folyekony-etrend-kiegeszitok","8":"desktop-align-left","9":"tablet-align-left","10":"mobile-align-left","12":"first","13":"instock","14":"shipping-taxable","15":"purchasable","16":"product-type-simple"},"yoast_head":"<!-- This site is optimized with the Yoast SEO plugin v25.1 - https:\/\/yoast.com\/wordpress\/plugins\/seo\/ -->\n<title>B\u00e1lint Cseppek Idegeimre mentek cseppek - Lencs\u00e9si Biobolt<\/title>\n<meta name=\"robots\" content=\"index, follow, max-snippet:-1, max-image-preview:large, max-video-preview:-1\" \/>\n<link rel=\"canonical\" href=\"https:\/\/lencsesibiobolt.hu\/?product=balint-cseppek-idegeimre-mentek-cseppek\" \/>\n<meta property=\"og:locale\" content=\"hu_HU\" \/>\n<meta property=\"og:type\" content=\"article\" \/>\n<meta property=\"og:title\" content=\"B\u00e1lint Cseppek Idegeimre mentek cseppek - Lencs\u00e9si Biobolt\" \/>\n<meta property=\"og:description\" content=\"Egys\u00e9g\u00e1r: 56000 Ft\/l\" \/>\n<meta property=\"og:url\" content=\"https:\/\/lencsesibiobolt.hu\/?product=balint-cseppek-idegeimre-mentek-cseppek\" \/>\n<meta property=\"og:site_name\" content=\"Lencs\u00e9si Biobolt\" \/>\n<meta property=\"article:publisher\" content=\"https:\/\/www.facebook.com\/lencsesibiobolt\" \/>\n<meta property=\"article:modified_time\" content=\"2024-07-04T08:15:46+00:00\" \/>\n<meta property=\"og:image\" content=\"https:\/\/lencsesibiobolt.hu\/wp-content\/uploads\/2022\/11\/Idegeimre_mentek_csepp-removebg-preview.png\" \/>\n\t<meta property=\"og:image:width\" content=\"476\" \/>\n\t<meta property=\"og:image:height\" content=\"524\" \/>\n\t<meta property=\"og:image:type\" content=\"image\/png\" \/>\n<meta name=\"twitter:card\" content=\"summary_large_image\" \/>\n<meta name=\"twitter:label1\" content=\"Becs\u00fclt olvas\u00e1si id\u0151\" \/>\n\t<meta name=\"twitter:data1\" content=\"1 perc\" \/>\n<script type=\"application\/ld+json\" class=\"yoast-schema-graph\">{\"@context\":\"https:\/\/schema.org\",\"@graph\":[{\"@type\":\"WebPage\",\"@id\":\"https:\/\/lencsesibiobolt.hu\/?product=balint-cseppek-idegeimre-mentek-cseppek\",\"url\":\"https:\/\/lencsesibiobolt.hu\/?product=balint-cseppek-idegeimre-mentek-cseppek\",\"name\":\"B\u00e1lint Cseppek Idegeimre mentek cseppek - Lencs\u00e9si Biobolt\",\"isPartOf\":{\"@id\":\"https:\/\/lencsesibiobolt.hu\/#website\"},\"primaryImageOfPage\":{\"@id\":\"https:\/\/lencsesibiobolt.hu\/?product=balint-cseppek-idegeimre-mentek-cseppek#primaryimage\"},\"image\":{\"@id\":\"https:\/\/lencsesibiobolt.hu\/?product=balint-cseppek-idegeimre-mentek-cseppek#primaryimage\"},\"thumbnailUrl\":\"https:\/\/lencsesibiobolt.hu\/wp-content\/uploads\/2022\/11\/Idegeimre_mentek_csepp-removebg-preview.png\",\"datePublished\":\"2022-11-19T17:12:56+00:00\",\"dateModified\":\"2024-07-04T08:15:46+00:00\",\"breadcrumb\":{\"@id\":\"https:\/\/lencsesibiobolt.hu\/?product=balint-cseppek-idegeimre-mentek-cseppek#breadcrumb\"},\"inLanguage\":\"hu\",\"potentialAction\":[{\"@type\":\"ReadAction\",\"target\":[\"https:\/\/lencsesibiobolt.hu\/?product=balint-cseppek-idegeimre-mentek-cseppek\"]}]},{\"@type\":\"ImageObject\",\"inLanguage\":\"hu\",\"@id\":\"https:\/\/lencsesibiobolt.hu\/?product=balint-cseppek-idegeimre-mentek-cseppek#primaryimage\",\"url\":\"https:\/\/lencsesibiobolt.hu\/wp-content\/uploads\/2022\/11\/Idegeimre_mentek_csepp-removebg-preview.png\",\"contentUrl\":\"https:\/\/lencsesibiobolt.hu\/wp-content\/uploads\/2022\/11\/Idegeimre_mentek_csepp-removebg-preview.png\",\"width\":476,\"height\":524},{\"@type\":\"BreadcrumbList\",\"@id\":\"https:\/\/lencsesibiobolt.hu\/?product=balint-cseppek-idegeimre-mentek-cseppek#breadcrumb\",\"itemListElement\":[{\"@type\":\"ListItem\",\"position\":1,\"name\":\"Kezd\u0151lap\",\"item\":\"https:\/\/lencsesibiobolt.hu\/\"},{\"@type\":\"ListItem\",\"position\":2,\"name\":\"Bolt\",\"item\":\"https:\/\/lencsesibiobolt.hu\/?page_id=401\"},{\"@type\":\"ListItem\",\"position\":3,\"name\":\"B\u00e1lint Cseppek Idegeimre mentek cseppek\"}]},{\"@type\":\"WebSite\",\"@id\":\"https:\/\/lencsesibiobolt.hu\/#website\",\"url\":\"https:\/\/lencsesibiobolt.hu\/\",\"name\":\"Lencs\u00e9si Biobolt\",\"description\":\"\",\"publisher\":{\"@id\":\"https:\/\/lencsesibiobolt.hu\/#organization\"},\"potentialAction\":[{\"@type\":\"SearchAction\",\"target\":{\"@type\":\"EntryPoint\",\"urlTemplate\":\"https:\/\/lencsesibiobolt.hu\/?s={search_term_string}\"},\"query-input\":{\"@type\":\"PropertyValueSpecification\",\"valueRequired\":true,\"valueName\":\"search_term_string\"}}],\"inLanguage\":\"hu\"},{\"@type\":\"Organization\",\"@id\":\"https:\/\/lencsesibiobolt.hu\/#organization\",\"name\":\"Lencs\u00e9si Biobolt\",\"url\":\"https:\/\/lencsesibiobolt.hu\/\",\"logo\":{\"@type\":\"ImageObject\",\"inLanguage\":\"hu\",\"@id\":\"https:\/\/lencsesibiobolt.hu\/#\/schema\/logo\/image\/\",\"url\":\"https:\/\/lencsesibiobolt.hu\/wp-content\/uploads\/2024\/01\/cropped-Zold-Kanal-Vegetarianus-Etterem-Logo-masolata-e1705084274293.png\",\"contentUrl\":\"https:\/\/lencsesibiobolt.hu\/wp-content\/uploads\/2024\/01\/cropped-Zold-Kanal-Vegetarianus-Etterem-Logo-masolata-e1705084274293.png\",\"width\":396,\"height\":268,\"caption\":\"Lencs\u00e9si Biobolt\"},\"image\":{\"@id\":\"https:\/\/lencsesibiobolt.hu\/#\/schema\/logo\/image\/\"},\"sameAs\":[\"https:\/\/www.facebook.com\/lencsesibiobolt\"]}]}<\/script>\n<!-- \/ Yoast SEO plugin. -->","yoast_head_json":{"title":"B\u00e1lint Cseppek Idegeimre mentek cseppek - Lencs\u00e9si Biobolt","robots":{"index":"index","follow":"follow","max-snippet":"max-snippet:-1","max-image-preview":"max-image-preview:large","max-video-preview":"max-video-preview:-1"},"canonical":"https:\/\/lencsesibiobolt.hu\/?product=balint-cseppek-idegeimre-mentek-cseppek","og_locale":"hu_HU","og_type":"article","og_title":"B\u00e1lint Cseppek Idegeimre mentek cseppek - Lencs\u00e9si Biobolt","og_description":"Egys\u00e9g\u00e1r: 56000 Ft\/l","og_url":"https:\/\/lencsesibiobolt.hu\/?product=balint-cseppek-idegeimre-mentek-cseppek","og_site_name":"Lencs\u00e9si Biobolt","article_publisher":"https:\/\/www.facebook.com\/lencsesibiobolt","article_modified_time":"2024-07-04T08:15:46+00:00","og_image":[{"width":476,"height":524,"url":"https:\/\/lencsesibiobolt.hu\/wp-content\/uploads\/2022\/11\/Idegeimre_mentek_csepp-removebg-preview.png","type":"image\/png"}],"twitter_card":"summary_large_image","twitter_misc":{"Becs\u00fclt olvas\u00e1si id\u0151":"1 perc"},"schema":{"@context":"https:\/\/schema.org","@graph":[{"@type":"WebPage","@id":"https:\/\/lencsesibiobolt.hu\/?product=balint-cseppek-idegeimre-mentek-cseppek","url":"https:\/\/lencsesibiobolt.hu\/?product=balint-cseppek-idegeimre-mentek-cseppek","name":"B\u00e1lint Cseppek Idegeimre mentek cseppek - Lencs\u00e9si Biobolt","isPartOf":{"@id":"https:\/\/lencsesibiobolt.hu\/#website"},"primaryImageOfPage":{"@id":"https:\/\/lencsesibiobolt.hu\/?product=balint-cseppek-idegeimre-mentek-cseppek#primaryimage"},"image":{"@id":"https:\/\/lencsesibiobolt.hu\/?product=balint-cseppek-idegeimre-mentek-cseppek#primaryimage"},"thumbnailUrl":"https:\/\/lencsesibiobolt.hu\/wp-content\/uploads\/2022\/11\/Idegeimre_mentek_csepp-removebg-preview.png","datePublished":"2022-11-19T17:12:56+00:00","dateModified":"2024-07-04T08:15:46+00:00","breadcrumb":{"@id":"https:\/\/lencsesibiobolt.hu\/?product=balint-cseppek-idegeimre-mentek-cseppek#breadcrumb"},"inLanguage":"hu","potentialAction":[{"@type":"ReadAction","target":["https:\/\/lencsesibiobolt.hu\/?product=balint-cseppek-idegeimre-mentek-cseppek"]}]},{"@type":"ImageObject","inLanguage":"hu","@id":"https:\/\/lencsesibiobolt.hu\/?product=balint-cseppek-idegeimre-mentek-cseppek#primaryimage","url":"https:\/\/lencsesibiobolt.hu\/wp-content\/uploads\/2022\/11\/Idegeimre_mentek_csepp-removebg-preview.png","contentUrl":"https:\/\/lencsesibiobolt.hu\/wp-content\/uploads\/2022\/11\/Idegeimre_mentek_csepp-removebg-preview.png","width":476,"height":524},{"@type":"BreadcrumbList","@id":"https:\/\/lencsesibiobolt.hu\/?product=balint-cseppek-idegeimre-mentek-cseppek#breadcrumb","itemListElement":[{"@type":"ListItem","position":1,"name":"Kezd\u0151lap","item":"https:\/\/lencsesibiobolt.hu\/"},{"@type":"ListItem","position":2,"name":"Bolt","item":"https:\/\/lencsesibiobolt.hu\/?page_id=401"},{"@type":"ListItem","position":3,"name":"B\u00e1lint Cseppek Idegeimre mentek cseppek"}]},{"@type":"WebSite","@id":"https:\/\/lencsesibiobolt.hu\/#website","url":"https:\/\/lencsesibiobolt.hu\/","name":"Lencs\u00e9si Biobolt","description":"","publisher":{"@id":"https:\/\/lencsesibiobolt.hu\/#organization"},"potentialAction":[{"@type":"SearchAction","target":{"@type":"EntryPoint","urlTemplate":"https:\/\/lencsesibiobolt.hu\/?s={search_term_string}"},"query-input":{"@type":"PropertyValueSpecification","valueRequired":true,"valueName":"search_term_string"}}],"inLanguage":"hu"},{"@type":"Organization","@id":"https:\/\/lencsesibiobolt.hu\/#organization","name":"Lencs\u00e9si Biobolt","url":"https:\/\/lencsesibiobolt.hu\/","logo":{"@type":"ImageObject","inLanguage":"hu","@id":"https:\/\/lencsesibiobolt.hu\/#\/schema\/logo\/image\/","url":"https:\/\/lencsesibiobolt.hu\/wp-content\/uploads\/2024\/01\/cropped-Zold-Kanal-Vegetarianus-Etterem-Logo-masolata-e1705084274293.png","contentUrl":"https:\/\/lencsesibiobolt.hu\/wp-content\/uploads\/2024\/01\/cropped-Zold-Kanal-Vegetarianus-Etterem-Logo-masolata-e1705084274293.png","width":396,"height":268,"caption":"Lencs\u00e9si Biobolt"},"image":{"@id":"https:\/\/lencsesibiobolt.hu\/#\/schema\/logo\/image\/"},"sameAs":["https:\/\/www.facebook.com\/lencsesibiobolt"]}]}},"_links":{"self":[{"href":"https:\/\/lencsesibiobolt.hu\/index.php?rest_route=\/wp\/v2\/product\/5793","targetHints":{"allow":["GET"]}}],"collection":[{"href":"https:\/\/lencsesibiobolt.hu\/index.php?rest_route=\/wp\/v2\/product"}],"about":[{"href":"https:\/\/lencsesibiobolt.hu\/index.php?rest_route=\/wp\/v2\/types\/product"}],"replies":[{"embeddable":true,"href":"https:\/\/lencsesibiobolt.hu\/index.php?rest_route=%2Fwp%2Fv2%2Fcomments&post=5793"}],"wp:featuredmedia":[{"embeddable":true,"href":"https:\/\/lencsesibiobolt.hu\/index.php?rest_route=\/wp\/v2\/media\/6079"}],"wp:attachment":[{"href":"https:\/\/lencsesibiobolt.hu\/index.php?rest_route=%2Fwp%2Fv2%2Fmedia&parent=5793"}],"wp:term":[{"taxonomy":"product_cat","embeddable":true,"href":"https:\/\/lencsesibiobolt.hu\/index.php?rest_route=%2Fwp%2Fv2%2Fproduct_cat&post=5793"},{"taxonomy":"product_tag","embeddable":true,"href":"https:\/\/lencsesibiobolt.hu\/index.php?rest_route=%2Fwp%2Fv2%2Fproduct_tag&post=5793"}],"curies":[{"name":"wp","href":"https:\/\/api.w.org\/{rel}","templated":true}]}}