{"id":5773,"date":"2022-11-15T17:30:29","date_gmt":"2022-11-15T17:30:29","guid":{"rendered":"https:\/\/lencsesibiobolt.hu\/?post_type=product&#038;p=5773"},"modified":"2025-05-20T07:12:46","modified_gmt":"2025-05-20T07:12:46","slug":"balint-cseppek-kendermagolaj-50ml","status":"publish","type":"product","link":"https:\/\/lencsesibiobolt.hu\/?product=balint-cseppek-kendermagolaj-50ml","title":{"rendered":"B\u00e1lint Cseppek Kendermagolaj 50ml"},"content":{"rendered":"<h1><span style=\"font-weight: 400;\">100%-os hidegen sajtolt BIO KENDERMAGOLAJ\u00a0<\/span><\/h1>\n<p>&nbsp;<\/p>\n<p><span style=\"font-weight: 400;\">\u00d6SSZETEV\u0150K:<\/span><\/p>\n<p><span style=\"font-weight: 400;\">Kendermagolaj \u00f6kol\u00f3giai gazd\u00e1lkod\u00e1sb\u00f3l (linolsav, linol\u00e9nsav, olajsav, palmitinsav, sztearinsav, gamma-linol\u00e9nsav, arachidonsav)\u00a0<\/span><\/p>\n<p><span style=\"font-weight: 400;\">A k\u00e9sz\u00edtm\u00e9ny t\u00f6bb mint 50 %-ban tartalmaz t\u00f6bbsz\u00f6r\u00f6sen tel\u00edtetlen zs\u00edrsavat, &#8211; omega-3 \u00e9s -6 zs\u00edrsavakat &#8211; egyszeresen tel\u00edtetlen zs\u00edrsavb\u00f3l az olajsavat tartalmazza.<\/span><\/p>\n<p><span style=\"font-weight: 400;\">A tel\u00edtett zs\u00edrsavak tel\u00edtetlen zs\u00edrsavakkal (egyszeresen tel\u00edtetlen zs\u00edrsavakkal \u00e9s t\u00f6bbsz\u00f6r\u00f6sen tel\u00edtetlen zs\u00edrsavakkal) val\u00f3 helyettes\u00edt\u00e9se az \u00e9trendben hozz\u00e1j\u00e1rul a v\u00e9r norm\u00e1l koleszterinszintj\u00e9nek fenntart\u00e1s\u00e1hoz.<\/span><\/p>\n<p><span style=\"font-weight: 400;\">FOGYASZT\u00c1SI JAVASLAT:<\/span><\/p>\n<p><span style=\"font-weight: 400;\">naponta 2 ml (mokk\u00e1skan\u00e1l)<\/span><\/p>\n<p><span style=\"font-weight: 400;\">Az aj\u00e1nlott fogyaszt\u00e1si mennyis\u00e9get ne l\u00e9pje t\u00fal! Az \u00e9trend-kieg\u00e9sz\u00edt\u0151 nem helyettes\u00edti a kiegyens\u00falyozott \u00e9trendet \u00e9s az eg\u00e9szs\u00e9ges \u00e9letm\u00f3dot!<\/span><\/p>\n<p><span style=\"font-weight: 400;\">T\u00c1PANYAGOK \/ HAT\u00d3ANYAGOK A NAPI ADAGBAN:<\/span><\/p>\n<p><span style=\"font-weight: 400;\">2 ml term\u00e9kben t\u00f6bbsz\u00f6r\u00f6sen tel\u00edtetlen zs\u00edrsav 1478 mg, ebb\u0151l omega-3 zs\u00edrsav 324 mg, omega-6 zs\u00edrsav 1154 mg<\/span><\/p>\n<p><span style=\"font-weight: 400;\">T\u00c1ROL\u00c1S:<\/span><\/p>\n<p><span style=\"font-weight: 400;\">Szobah\u0151m\u00e9rs\u00e9kleten, gyermekek el\u0151l elz\u00e1rva!<\/span><\/p>\n","protected":false},"excerpt":{"rendered":"<p>Egys\u00e9g\u00e1r: 56000 Ft\/l<\/p>\n","protected":false},"featured_media":6084,"comment_status":"open","ping_status":"closed","template":"","meta":{"site-sidebar-layout":"default","site-content-layout":"default","ast-global-header-display":"","ast-main-header-display":"","ast-hfb-above-header-display":"","ast-hfb-below-header-display":"","ast-hfb-mobile-header-display":"","site-post-title":"","ast-breadcrumbs-content":"","ast-featured-img":"","footer-sml-layout":"","theme-transparent-header-meta":"default","adv-header-id-meta":"","stick-header-meta":"","header-above-stick-meta":"","header-main-stick-meta":"","header-below-stick-meta":""},"product_cat":[44],"product_tag":[],"class_list":{"0":"post-5773","1":"product","2":"type-product","3":"status-publish","4":"has-post-thumbnail","6":"product_cat-etrend-kiegeszitok","7":"desktop-align-left","8":"tablet-align-left","9":"mobile-align-left","11":"first","12":"instock","13":"shipping-taxable","14":"purchasable","15":"product-type-simple"},"yoast_head":"<!-- This site is optimized with the Yoast SEO plugin v25.1 - https:\/\/yoast.com\/wordpress\/plugins\/seo\/ -->\n<title>B\u00e1lint Cseppek Kendermagolaj 50ml - Lencs\u00e9si Biobolt<\/title>\n<meta name=\"robots\" content=\"index, follow, max-snippet:-1, max-image-preview:large, max-video-preview:-1\" \/>\n<link rel=\"canonical\" href=\"https:\/\/lencsesibiobolt.hu\/?product=balint-cseppek-kendermagolaj-50ml\" \/>\n<meta property=\"og:locale\" content=\"hu_HU\" \/>\n<meta property=\"og:type\" content=\"article\" \/>\n<meta property=\"og:title\" content=\"B\u00e1lint Cseppek Kendermagolaj 50ml - Lencs\u00e9si Biobolt\" \/>\n<meta property=\"og:description\" content=\"Egys\u00e9g\u00e1r: 56000 Ft\/l\" \/>\n<meta property=\"og:url\" content=\"https:\/\/lencsesibiobolt.hu\/?product=balint-cseppek-kendermagolaj-50ml\" \/>\n<meta property=\"og:site_name\" content=\"Lencs\u00e9si Biobolt\" \/>\n<meta property=\"article:publisher\" content=\"https:\/\/www.facebook.com\/lencsesibiobolt\" \/>\n<meta property=\"article:modified_time\" content=\"2025-05-20T07:12:46+00:00\" \/>\n<meta property=\"og:image\" content=\"https:\/\/lencsesibiobolt.hu\/wp-content\/uploads\/2022\/11\/Bio_kender-removebg-preview.png\" \/>\n\t<meta property=\"og:image:width\" content=\"481\" \/>\n\t<meta property=\"og:image:height\" content=\"519\" \/>\n\t<meta property=\"og:image:type\" content=\"image\/png\" \/>\n<meta name=\"twitter:card\" content=\"summary_large_image\" \/>\n<meta name=\"twitter:label1\" content=\"Becs\u00fclt olvas\u00e1si id\u0151\" \/>\n\t<meta name=\"twitter:data1\" content=\"1 perc\" \/>\n<script type=\"application\/ld+json\" class=\"yoast-schema-graph\">{\"@context\":\"https:\/\/schema.org\",\"@graph\":[{\"@type\":\"WebPage\",\"@id\":\"https:\/\/lencsesibiobolt.hu\/?product=balint-cseppek-kendermagolaj-50ml\",\"url\":\"https:\/\/lencsesibiobolt.hu\/?product=balint-cseppek-kendermagolaj-50ml\",\"name\":\"B\u00e1lint Cseppek Kendermagolaj 50ml - Lencs\u00e9si Biobolt\",\"isPartOf\":{\"@id\":\"https:\/\/lencsesibiobolt.hu\/#website\"},\"primaryImageOfPage\":{\"@id\":\"https:\/\/lencsesibiobolt.hu\/?product=balint-cseppek-kendermagolaj-50ml#primaryimage\"},\"image\":{\"@id\":\"https:\/\/lencsesibiobolt.hu\/?product=balint-cseppek-kendermagolaj-50ml#primaryimage\"},\"thumbnailUrl\":\"https:\/\/lencsesibiobolt.hu\/wp-content\/uploads\/2022\/11\/Bio_kender-removebg-preview.png\",\"datePublished\":\"2022-11-15T17:30:29+00:00\",\"dateModified\":\"2025-05-20T07:12:46+00:00\",\"breadcrumb\":{\"@id\":\"https:\/\/lencsesibiobolt.hu\/?product=balint-cseppek-kendermagolaj-50ml#breadcrumb\"},\"inLanguage\":\"hu\",\"potentialAction\":[{\"@type\":\"ReadAction\",\"target\":[\"https:\/\/lencsesibiobolt.hu\/?product=balint-cseppek-kendermagolaj-50ml\"]}]},{\"@type\":\"ImageObject\",\"inLanguage\":\"hu\",\"@id\":\"https:\/\/lencsesibiobolt.hu\/?product=balint-cseppek-kendermagolaj-50ml#primaryimage\",\"url\":\"https:\/\/lencsesibiobolt.hu\/wp-content\/uploads\/2022\/11\/Bio_kender-removebg-preview.png\",\"contentUrl\":\"https:\/\/lencsesibiobolt.hu\/wp-content\/uploads\/2022\/11\/Bio_kender-removebg-preview.png\",\"width\":481,\"height\":519},{\"@type\":\"BreadcrumbList\",\"@id\":\"https:\/\/lencsesibiobolt.hu\/?product=balint-cseppek-kendermagolaj-50ml#breadcrumb\",\"itemListElement\":[{\"@type\":\"ListItem\",\"position\":1,\"name\":\"Kezd\u0151lap\",\"item\":\"https:\/\/lencsesibiobolt.hu\/\"},{\"@type\":\"ListItem\",\"position\":2,\"name\":\"Bolt\",\"item\":\"https:\/\/lencsesibiobolt.hu\/?page_id=401\"},{\"@type\":\"ListItem\",\"position\":3,\"name\":\"B\u00e1lint Cseppek Kendermagolaj 50ml\"}]},{\"@type\":\"WebSite\",\"@id\":\"https:\/\/lencsesibiobolt.hu\/#website\",\"url\":\"https:\/\/lencsesibiobolt.hu\/\",\"name\":\"Lencs\u00e9si Biobolt\",\"description\":\"\",\"publisher\":{\"@id\":\"https:\/\/lencsesibiobolt.hu\/#organization\"},\"potentialAction\":[{\"@type\":\"SearchAction\",\"target\":{\"@type\":\"EntryPoint\",\"urlTemplate\":\"https:\/\/lencsesibiobolt.hu\/?s={search_term_string}\"},\"query-input\":{\"@type\":\"PropertyValueSpecification\",\"valueRequired\":true,\"valueName\":\"search_term_string\"}}],\"inLanguage\":\"hu\"},{\"@type\":\"Organization\",\"@id\":\"https:\/\/lencsesibiobolt.hu\/#organization\",\"name\":\"Lencs\u00e9si Biobolt\",\"url\":\"https:\/\/lencsesibiobolt.hu\/\",\"logo\":{\"@type\":\"ImageObject\",\"inLanguage\":\"hu\",\"@id\":\"https:\/\/lencsesibiobolt.hu\/#\/schema\/logo\/image\/\",\"url\":\"https:\/\/lencsesibiobolt.hu\/wp-content\/uploads\/2024\/01\/cropped-Zold-Kanal-Vegetarianus-Etterem-Logo-masolata-e1705084274293.png\",\"contentUrl\":\"https:\/\/lencsesibiobolt.hu\/wp-content\/uploads\/2024\/01\/cropped-Zold-Kanal-Vegetarianus-Etterem-Logo-masolata-e1705084274293.png\",\"width\":396,\"height\":268,\"caption\":\"Lencs\u00e9si Biobolt\"},\"image\":{\"@id\":\"https:\/\/lencsesibiobolt.hu\/#\/schema\/logo\/image\/\"},\"sameAs\":[\"https:\/\/www.facebook.com\/lencsesibiobolt\"]}]}<\/script>\n<!-- \/ Yoast SEO plugin. -->","yoast_head_json":{"title":"B\u00e1lint Cseppek Kendermagolaj 50ml - Lencs\u00e9si Biobolt","robots":{"index":"index","follow":"follow","max-snippet":"max-snippet:-1","max-image-preview":"max-image-preview:large","max-video-preview":"max-video-preview:-1"},"canonical":"https:\/\/lencsesibiobolt.hu\/?product=balint-cseppek-kendermagolaj-50ml","og_locale":"hu_HU","og_type":"article","og_title":"B\u00e1lint Cseppek Kendermagolaj 50ml - Lencs\u00e9si Biobolt","og_description":"Egys\u00e9g\u00e1r: 56000 Ft\/l","og_url":"https:\/\/lencsesibiobolt.hu\/?product=balint-cseppek-kendermagolaj-50ml","og_site_name":"Lencs\u00e9si Biobolt","article_publisher":"https:\/\/www.facebook.com\/lencsesibiobolt","article_modified_time":"2025-05-20T07:12:46+00:00","og_image":[{"width":481,"height":519,"url":"https:\/\/lencsesibiobolt.hu\/wp-content\/uploads\/2022\/11\/Bio_kender-removebg-preview.png","type":"image\/png"}],"twitter_card":"summary_large_image","twitter_misc":{"Becs\u00fclt olvas\u00e1si id\u0151":"1 perc"},"schema":{"@context":"https:\/\/schema.org","@graph":[{"@type":"WebPage","@id":"https:\/\/lencsesibiobolt.hu\/?product=balint-cseppek-kendermagolaj-50ml","url":"https:\/\/lencsesibiobolt.hu\/?product=balint-cseppek-kendermagolaj-50ml","name":"B\u00e1lint Cseppek Kendermagolaj 50ml - Lencs\u00e9si Biobolt","isPartOf":{"@id":"https:\/\/lencsesibiobolt.hu\/#website"},"primaryImageOfPage":{"@id":"https:\/\/lencsesibiobolt.hu\/?product=balint-cseppek-kendermagolaj-50ml#primaryimage"},"image":{"@id":"https:\/\/lencsesibiobolt.hu\/?product=balint-cseppek-kendermagolaj-50ml#primaryimage"},"thumbnailUrl":"https:\/\/lencsesibiobolt.hu\/wp-content\/uploads\/2022\/11\/Bio_kender-removebg-preview.png","datePublished":"2022-11-15T17:30:29+00:00","dateModified":"2025-05-20T07:12:46+00:00","breadcrumb":{"@id":"https:\/\/lencsesibiobolt.hu\/?product=balint-cseppek-kendermagolaj-50ml#breadcrumb"},"inLanguage":"hu","potentialAction":[{"@type":"ReadAction","target":["https:\/\/lencsesibiobolt.hu\/?product=balint-cseppek-kendermagolaj-50ml"]}]},{"@type":"ImageObject","inLanguage":"hu","@id":"https:\/\/lencsesibiobolt.hu\/?product=balint-cseppek-kendermagolaj-50ml#primaryimage","url":"https:\/\/lencsesibiobolt.hu\/wp-content\/uploads\/2022\/11\/Bio_kender-removebg-preview.png","contentUrl":"https:\/\/lencsesibiobolt.hu\/wp-content\/uploads\/2022\/11\/Bio_kender-removebg-preview.png","width":481,"height":519},{"@type":"BreadcrumbList","@id":"https:\/\/lencsesibiobolt.hu\/?product=balint-cseppek-kendermagolaj-50ml#breadcrumb","itemListElement":[{"@type":"ListItem","position":1,"name":"Kezd\u0151lap","item":"https:\/\/lencsesibiobolt.hu\/"},{"@type":"ListItem","position":2,"name":"Bolt","item":"https:\/\/lencsesibiobolt.hu\/?page_id=401"},{"@type":"ListItem","position":3,"name":"B\u00e1lint Cseppek Kendermagolaj 50ml"}]},{"@type":"WebSite","@id":"https:\/\/lencsesibiobolt.hu\/#website","url":"https:\/\/lencsesibiobolt.hu\/","name":"Lencs\u00e9si Biobolt","description":"","publisher":{"@id":"https:\/\/lencsesibiobolt.hu\/#organization"},"potentialAction":[{"@type":"SearchAction","target":{"@type":"EntryPoint","urlTemplate":"https:\/\/lencsesibiobolt.hu\/?s={search_term_string}"},"query-input":{"@type":"PropertyValueSpecification","valueRequired":true,"valueName":"search_term_string"}}],"inLanguage":"hu"},{"@type":"Organization","@id":"https:\/\/lencsesibiobolt.hu\/#organization","name":"Lencs\u00e9si Biobolt","url":"https:\/\/lencsesibiobolt.hu\/","logo":{"@type":"ImageObject","inLanguage":"hu","@id":"https:\/\/lencsesibiobolt.hu\/#\/schema\/logo\/image\/","url":"https:\/\/lencsesibiobolt.hu\/wp-content\/uploads\/2024\/01\/cropped-Zold-Kanal-Vegetarianus-Etterem-Logo-masolata-e1705084274293.png","contentUrl":"https:\/\/lencsesibiobolt.hu\/wp-content\/uploads\/2024\/01\/cropped-Zold-Kanal-Vegetarianus-Etterem-Logo-masolata-e1705084274293.png","width":396,"height":268,"caption":"Lencs\u00e9si Biobolt"},"image":{"@id":"https:\/\/lencsesibiobolt.hu\/#\/schema\/logo\/image\/"},"sameAs":["https:\/\/www.facebook.com\/lencsesibiobolt"]}]}},"_links":{"self":[{"href":"https:\/\/lencsesibiobolt.hu\/index.php?rest_route=\/wp\/v2\/product\/5773","targetHints":{"allow":["GET"]}}],"collection":[{"href":"https:\/\/lencsesibiobolt.hu\/index.php?rest_route=\/wp\/v2\/product"}],"about":[{"href":"https:\/\/lencsesibiobolt.hu\/index.php?rest_route=\/wp\/v2\/types\/product"}],"replies":[{"embeddable":true,"href":"https:\/\/lencsesibiobolt.hu\/index.php?rest_route=%2Fwp%2Fv2%2Fcomments&post=5773"}],"wp:featuredmedia":[{"embeddable":true,"href":"https:\/\/lencsesibiobolt.hu\/index.php?rest_route=\/wp\/v2\/media\/6084"}],"wp:attachment":[{"href":"https:\/\/lencsesibiobolt.hu\/index.php?rest_route=%2Fwp%2Fv2%2Fmedia&parent=5773"}],"wp:term":[{"taxonomy":"product_cat","embeddable":true,"href":"https:\/\/lencsesibiobolt.hu\/index.php?rest_route=%2Fwp%2Fv2%2Fproduct_cat&post=5773"},{"taxonomy":"product_tag","embeddable":true,"href":"https:\/\/lencsesibiobolt.hu\/index.php?rest_route=%2Fwp%2Fv2%2Fproduct_tag&post=5773"}],"curies":[{"name":"wp","href":"https:\/\/api.w.org\/{rel}","templated":true}]}}