{"id":5756,"date":"2022-11-15T17:05:24","date_gmt":"2022-11-15T17:05:24","guid":{"rendered":"https:\/\/lencsesibiobolt.hu\/?post_type=product&#038;p=5756"},"modified":"2025-05-20T07:13:27","modified_gmt":"2025-05-20T07:13:27","slug":"balint-cseppek-teafaolaj-30ml","status":"publish","type":"product","link":"https:\/\/lencsesibiobolt.hu\/?product=balint-cseppek-teafaolaj-30ml","title":{"rendered":"B\u00e1lint Cseppek Teafaolaj 30ml"},"content":{"rendered":"<h1><span style=\"font-weight: 400;\">Esszenci\u00e1lis TEAFAOLAJ 30 ML\u00a0<\/span><\/h1>\n<p><span style=\"font-weight: 400;\">\u00d6SSZETEV\u0150K:<\/span><\/p>\n<p><span style=\"font-weight: 400;\">100%-os gy\u00f3gyszerk\u00f6nyvi tisztas\u00e1g\u00fa teafaolaj, (Melaleuca aetheroleum Ph.Eur.9) TEA TREE OIL<\/span><\/p>\n<p><span style=\"font-weight: 400;\">INCI: MELALEUCA ALTERNIFOLIA LEAF OIL<\/span><\/p>\n<p><span style=\"font-weight: 400;\">HASZN\u00c1LAT:<\/span><\/p>\n<p><span style=\"font-weight: 400;\">K\u00fcls\u0151leg. A b\u0151r fert\u0151z\u00e9ses \u00e9s gomb\u00e1s megbeteged\u00e9seinek kezel\u00e9s\u00e9re, pattan\u00e1sra, korp\u00e1sod\u00e1sra, sz\u00e1j- \u00e9s fog\u00ednygyullad\u00e1sra, v\u00e1gott, horzsolt sebekre, bed\u00f6rzs\u00f6l\u00e9sre, l\u00e1bf\u00fcrd\u0151h\u00f6z, rovarcs\u00edp\u00e9s okozta viszket\u0151 \u00e9rz\u00e9s enyh\u00edt\u00e9s\u00e9re.\u00a0<\/span><\/p>\n<p><span style=\"font-weight: 400;\">T\u00c1ROL\u00c1S:<\/span><\/p>\n<p><span style=\"font-weight: 400;\">Legfeljebb 25 C-on, f\u00e9nyt\u0151l v\u00e9dve, gyermekek el\u0151l lez\u00e1rva. Felhaszn\u00e1lhat\u00f3 a dobozon jelzett id\u0151pontig. Felbont\u00e1s ut\u00e1n 6 h\u00f3napig haszn\u00e1lhat\u00f3 fel.<\/span><\/p>\n<p><span style=\"font-weight: 400;\">FIGYELMEZTET\u00c9S:<\/span><\/p>\n<p><span style=\"font-weight: 400;\">A teafaolajjal szembeni egy\u00e9ni t\u00fal\u00e9rz\u00e9kenys\u00e9g (allergia) fenn\u00e1ll\u00e1sakor, v\u00e1rand\u00f3ss\u00e1g idej\u00e9n, csecsem\u0151kn\u00e9l, kisgyermekekn\u00e9l, szemben \u00e9s bels\u0151leg nem alkalmazhat\u00f3. A teafa olaja t\u00f6m\u00e9nyen enyh\u00e9n irrit\u00e1l\u00f3 lehet az erre \u00e9rz\u00e9kenyekn\u00e9l.<\/span><\/p>\n<p><span style=\"font-weight: 400;\">R\u00e9szletes t\u00e1j\u00e9koztat\u00f3 a dobozban.<\/span><\/p>\n","protected":false},"excerpt":{"rendered":"<p>Egys\u00e9g\u00e1r: 93333 Ft\/l<\/p>\n","protected":false},"featured_media":5772,"comment_status":"open","ping_status":"closed","template":"","meta":{"site-sidebar-layout":"default","site-content-layout":"default","ast-global-header-display":"","ast-main-header-display":"","ast-hfb-above-header-display":"","ast-hfb-below-header-display":"","ast-hfb-mobile-header-display":"","site-post-title":"","ast-breadcrumbs-content":"","ast-featured-img":"","footer-sml-layout":"","theme-transparent-header-meta":"default","adv-header-id-meta":"","stick-header-meta":"","header-above-stick-meta":"","header-main-stick-meta":"","header-below-stick-meta":""},"product_cat":[44],"product_tag":[],"class_list":{"0":"post-5756","1":"product","2":"type-product","3":"status-publish","4":"has-post-thumbnail","6":"product_cat-etrend-kiegeszitok","7":"desktop-align-left","8":"tablet-align-left","9":"mobile-align-left","11":"first","12":"instock","13":"shipping-taxable","14":"purchasable","15":"product-type-simple"},"yoast_head":"<!-- This site is optimized with the Yoast SEO plugin v25.1 - https:\/\/yoast.com\/wordpress\/plugins\/seo\/ -->\n<title>B\u00e1lint Cseppek Teafaolaj 30ml - Lencs\u00e9si Biobolt<\/title>\n<meta name=\"robots\" content=\"index, follow, max-snippet:-1, max-image-preview:large, max-video-preview:-1\" \/>\n<link rel=\"canonical\" href=\"https:\/\/lencsesibiobolt.hu\/?product=balint-cseppek-teafaolaj-30ml\" \/>\n<meta property=\"og:locale\" content=\"hu_HU\" \/>\n<meta property=\"og:type\" content=\"article\" \/>\n<meta property=\"og:title\" content=\"B\u00e1lint Cseppek Teafaolaj 30ml - Lencs\u00e9si Biobolt\" \/>\n<meta property=\"og:description\" content=\"Egys\u00e9g\u00e1r: 93333 Ft\/l\" \/>\n<meta property=\"og:url\" content=\"https:\/\/lencsesibiobolt.hu\/?product=balint-cseppek-teafaolaj-30ml\" \/>\n<meta property=\"og:site_name\" content=\"Lencs\u00e9si Biobolt\" \/>\n<meta property=\"article:publisher\" content=\"https:\/\/www.facebook.com\/lencsesibiobolt\" \/>\n<meta property=\"article:modified_time\" content=\"2025-05-20T07:13:27+00:00\" \/>\n<meta property=\"og:image\" content=\"https:\/\/lencsesibiobolt.hu\/wp-content\/uploads\/2022\/11\/teafaolaj-scaled.jpg\" \/>\n\t<meta property=\"og:image:width\" content=\"2560\" \/>\n\t<meta property=\"og:image:height\" content=\"2507\" \/>\n\t<meta property=\"og:image:type\" content=\"image\/jpeg\" \/>\n<meta name=\"twitter:card\" content=\"summary_large_image\" \/>\n<meta name=\"twitter:label1\" content=\"Becs\u00fclt olvas\u00e1si id\u0151\" \/>\n\t<meta name=\"twitter:data1\" content=\"1 perc\" \/>\n<script type=\"application\/ld+json\" class=\"yoast-schema-graph\">{\"@context\":\"https:\/\/schema.org\",\"@graph\":[{\"@type\":\"WebPage\",\"@id\":\"https:\/\/lencsesibiobolt.hu\/?product=balint-cseppek-teafaolaj-30ml\",\"url\":\"https:\/\/lencsesibiobolt.hu\/?product=balint-cseppek-teafaolaj-30ml\",\"name\":\"B\u00e1lint Cseppek Teafaolaj 30ml - Lencs\u00e9si Biobolt\",\"isPartOf\":{\"@id\":\"https:\/\/lencsesibiobolt.hu\/#website\"},\"primaryImageOfPage\":{\"@id\":\"https:\/\/lencsesibiobolt.hu\/?product=balint-cseppek-teafaolaj-30ml#primaryimage\"},\"image\":{\"@id\":\"https:\/\/lencsesibiobolt.hu\/?product=balint-cseppek-teafaolaj-30ml#primaryimage\"},\"thumbnailUrl\":\"https:\/\/lencsesibiobolt.hu\/wp-content\/uploads\/2022\/11\/teafaolaj-scaled.jpg\",\"datePublished\":\"2022-11-15T17:05:24+00:00\",\"dateModified\":\"2025-05-20T07:13:27+00:00\",\"breadcrumb\":{\"@id\":\"https:\/\/lencsesibiobolt.hu\/?product=balint-cseppek-teafaolaj-30ml#breadcrumb\"},\"inLanguage\":\"hu\",\"potentialAction\":[{\"@type\":\"ReadAction\",\"target\":[\"https:\/\/lencsesibiobolt.hu\/?product=balint-cseppek-teafaolaj-30ml\"]}]},{\"@type\":\"ImageObject\",\"inLanguage\":\"hu\",\"@id\":\"https:\/\/lencsesibiobolt.hu\/?product=balint-cseppek-teafaolaj-30ml#primaryimage\",\"url\":\"https:\/\/lencsesibiobolt.hu\/wp-content\/uploads\/2022\/11\/teafaolaj-scaled.jpg\",\"contentUrl\":\"https:\/\/lencsesibiobolt.hu\/wp-content\/uploads\/2022\/11\/teafaolaj-scaled.jpg\",\"width\":2560,\"height\":2507},{\"@type\":\"BreadcrumbList\",\"@id\":\"https:\/\/lencsesibiobolt.hu\/?product=balint-cseppek-teafaolaj-30ml#breadcrumb\",\"itemListElement\":[{\"@type\":\"ListItem\",\"position\":1,\"name\":\"Kezd\u0151lap\",\"item\":\"https:\/\/lencsesibiobolt.hu\/\"},{\"@type\":\"ListItem\",\"position\":2,\"name\":\"Bolt\",\"item\":\"https:\/\/lencsesibiobolt.hu\/?page_id=401\"},{\"@type\":\"ListItem\",\"position\":3,\"name\":\"B\u00e1lint Cseppek Teafaolaj 30ml\"}]},{\"@type\":\"WebSite\",\"@id\":\"https:\/\/lencsesibiobolt.hu\/#website\",\"url\":\"https:\/\/lencsesibiobolt.hu\/\",\"name\":\"Lencs\u00e9si Biobolt\",\"description\":\"\",\"publisher\":{\"@id\":\"https:\/\/lencsesibiobolt.hu\/#organization\"},\"potentialAction\":[{\"@type\":\"SearchAction\",\"target\":{\"@type\":\"EntryPoint\",\"urlTemplate\":\"https:\/\/lencsesibiobolt.hu\/?s={search_term_string}\"},\"query-input\":{\"@type\":\"PropertyValueSpecification\",\"valueRequired\":true,\"valueName\":\"search_term_string\"}}],\"inLanguage\":\"hu\"},{\"@type\":\"Organization\",\"@id\":\"https:\/\/lencsesibiobolt.hu\/#organization\",\"name\":\"Lencs\u00e9si Biobolt\",\"url\":\"https:\/\/lencsesibiobolt.hu\/\",\"logo\":{\"@type\":\"ImageObject\",\"inLanguage\":\"hu\",\"@id\":\"https:\/\/lencsesibiobolt.hu\/#\/schema\/logo\/image\/\",\"url\":\"https:\/\/lencsesibiobolt.hu\/wp-content\/uploads\/2024\/01\/cropped-Zold-Kanal-Vegetarianus-Etterem-Logo-masolata-e1705084274293.png\",\"contentUrl\":\"https:\/\/lencsesibiobolt.hu\/wp-content\/uploads\/2024\/01\/cropped-Zold-Kanal-Vegetarianus-Etterem-Logo-masolata-e1705084274293.png\",\"width\":396,\"height\":268,\"caption\":\"Lencs\u00e9si Biobolt\"},\"image\":{\"@id\":\"https:\/\/lencsesibiobolt.hu\/#\/schema\/logo\/image\/\"},\"sameAs\":[\"https:\/\/www.facebook.com\/lencsesibiobolt\"]}]}<\/script>\n<!-- \/ Yoast SEO plugin. -->","yoast_head_json":{"title":"B\u00e1lint Cseppek Teafaolaj 30ml - Lencs\u00e9si Biobolt","robots":{"index":"index","follow":"follow","max-snippet":"max-snippet:-1","max-image-preview":"max-image-preview:large","max-video-preview":"max-video-preview:-1"},"canonical":"https:\/\/lencsesibiobolt.hu\/?product=balint-cseppek-teafaolaj-30ml","og_locale":"hu_HU","og_type":"article","og_title":"B\u00e1lint Cseppek Teafaolaj 30ml - Lencs\u00e9si Biobolt","og_description":"Egys\u00e9g\u00e1r: 93333 Ft\/l","og_url":"https:\/\/lencsesibiobolt.hu\/?product=balint-cseppek-teafaolaj-30ml","og_site_name":"Lencs\u00e9si Biobolt","article_publisher":"https:\/\/www.facebook.com\/lencsesibiobolt","article_modified_time":"2025-05-20T07:13:27+00:00","og_image":[{"width":2560,"height":2507,"url":"https:\/\/lencsesibiobolt.hu\/wp-content\/uploads\/2022\/11\/teafaolaj-scaled.jpg","type":"image\/jpeg"}],"twitter_card":"summary_large_image","twitter_misc":{"Becs\u00fclt olvas\u00e1si id\u0151":"1 perc"},"schema":{"@context":"https:\/\/schema.org","@graph":[{"@type":"WebPage","@id":"https:\/\/lencsesibiobolt.hu\/?product=balint-cseppek-teafaolaj-30ml","url":"https:\/\/lencsesibiobolt.hu\/?product=balint-cseppek-teafaolaj-30ml","name":"B\u00e1lint Cseppek Teafaolaj 30ml - Lencs\u00e9si Biobolt","isPartOf":{"@id":"https:\/\/lencsesibiobolt.hu\/#website"},"primaryImageOfPage":{"@id":"https:\/\/lencsesibiobolt.hu\/?product=balint-cseppek-teafaolaj-30ml#primaryimage"},"image":{"@id":"https:\/\/lencsesibiobolt.hu\/?product=balint-cseppek-teafaolaj-30ml#primaryimage"},"thumbnailUrl":"https:\/\/lencsesibiobolt.hu\/wp-content\/uploads\/2022\/11\/teafaolaj-scaled.jpg","datePublished":"2022-11-15T17:05:24+00:00","dateModified":"2025-05-20T07:13:27+00:00","breadcrumb":{"@id":"https:\/\/lencsesibiobolt.hu\/?product=balint-cseppek-teafaolaj-30ml#breadcrumb"},"inLanguage":"hu","potentialAction":[{"@type":"ReadAction","target":["https:\/\/lencsesibiobolt.hu\/?product=balint-cseppek-teafaolaj-30ml"]}]},{"@type":"ImageObject","inLanguage":"hu","@id":"https:\/\/lencsesibiobolt.hu\/?product=balint-cseppek-teafaolaj-30ml#primaryimage","url":"https:\/\/lencsesibiobolt.hu\/wp-content\/uploads\/2022\/11\/teafaolaj-scaled.jpg","contentUrl":"https:\/\/lencsesibiobolt.hu\/wp-content\/uploads\/2022\/11\/teafaolaj-scaled.jpg","width":2560,"height":2507},{"@type":"BreadcrumbList","@id":"https:\/\/lencsesibiobolt.hu\/?product=balint-cseppek-teafaolaj-30ml#breadcrumb","itemListElement":[{"@type":"ListItem","position":1,"name":"Kezd\u0151lap","item":"https:\/\/lencsesibiobolt.hu\/"},{"@type":"ListItem","position":2,"name":"Bolt","item":"https:\/\/lencsesibiobolt.hu\/?page_id=401"},{"@type":"ListItem","position":3,"name":"B\u00e1lint Cseppek Teafaolaj 30ml"}]},{"@type":"WebSite","@id":"https:\/\/lencsesibiobolt.hu\/#website","url":"https:\/\/lencsesibiobolt.hu\/","name":"Lencs\u00e9si Biobolt","description":"","publisher":{"@id":"https:\/\/lencsesibiobolt.hu\/#organization"},"potentialAction":[{"@type":"SearchAction","target":{"@type":"EntryPoint","urlTemplate":"https:\/\/lencsesibiobolt.hu\/?s={search_term_string}"},"query-input":{"@type":"PropertyValueSpecification","valueRequired":true,"valueName":"search_term_string"}}],"inLanguage":"hu"},{"@type":"Organization","@id":"https:\/\/lencsesibiobolt.hu\/#organization","name":"Lencs\u00e9si Biobolt","url":"https:\/\/lencsesibiobolt.hu\/","logo":{"@type":"ImageObject","inLanguage":"hu","@id":"https:\/\/lencsesibiobolt.hu\/#\/schema\/logo\/image\/","url":"https:\/\/lencsesibiobolt.hu\/wp-content\/uploads\/2024\/01\/cropped-Zold-Kanal-Vegetarianus-Etterem-Logo-masolata-e1705084274293.png","contentUrl":"https:\/\/lencsesibiobolt.hu\/wp-content\/uploads\/2024\/01\/cropped-Zold-Kanal-Vegetarianus-Etterem-Logo-masolata-e1705084274293.png","width":396,"height":268,"caption":"Lencs\u00e9si Biobolt"},"image":{"@id":"https:\/\/lencsesibiobolt.hu\/#\/schema\/logo\/image\/"},"sameAs":["https:\/\/www.facebook.com\/lencsesibiobolt"]}]}},"_links":{"self":[{"href":"https:\/\/lencsesibiobolt.hu\/index.php?rest_route=\/wp\/v2\/product\/5756","targetHints":{"allow":["GET"]}}],"collection":[{"href":"https:\/\/lencsesibiobolt.hu\/index.php?rest_route=\/wp\/v2\/product"}],"about":[{"href":"https:\/\/lencsesibiobolt.hu\/index.php?rest_route=\/wp\/v2\/types\/product"}],"replies":[{"embeddable":true,"href":"https:\/\/lencsesibiobolt.hu\/index.php?rest_route=%2Fwp%2Fv2%2Fcomments&post=5756"}],"wp:featuredmedia":[{"embeddable":true,"href":"https:\/\/lencsesibiobolt.hu\/index.php?rest_route=\/wp\/v2\/media\/5772"}],"wp:attachment":[{"href":"https:\/\/lencsesibiobolt.hu\/index.php?rest_route=%2Fwp%2Fv2%2Fmedia&parent=5756"}],"wp:term":[{"taxonomy":"product_cat","embeddable":true,"href":"https:\/\/lencsesibiobolt.hu\/index.php?rest_route=%2Fwp%2Fv2%2Fproduct_cat&post=5756"},{"taxonomy":"product_tag","embeddable":true,"href":"https:\/\/lencsesibiobolt.hu\/index.php?rest_route=%2Fwp%2Fv2%2Fproduct_tag&post=5756"}],"curies":[{"name":"wp","href":"https:\/\/api.w.org\/{rel}","templated":true}]}}