{"id":5721,"date":"2022-11-08T20:31:59","date_gmt":"2022-11-08T20:31:59","guid":{"rendered":"https:\/\/lencsesibiobolt.hu\/?post_type=product&#038;p=5721"},"modified":"2024-07-04T11:18:13","modified_gmt":"2024-07-04T11:18:13","slug":"lenmagolaj","status":"publish","type":"product","link":"https:\/\/lencsesibiobolt.hu\/?product=lenmagolaj","title":{"rendered":"Malea Lenmagolaj 250ml"},"content":{"rendered":"<p>A lenmagb\u00f3l hideg sajtol\u00e1ssal kinyert olaj enyh\u00e9n s\u00e1rg\u00e1s sz\u00edn\u0171, kicsit keserny\u00e9s \u00edz\u0171. Alfa-linol\u00e9nsavban, E-vitaminban, b\u00e9ta-karotinban gazdag, melyek antioxid\u00e1ns hat\u00e1sukn\u00e1l fogva a leg\u00e9rt\u00e9kesebb olajj\u00e1 teszik. A mag olajtartalm\u00e1nak 50-52%-\u00e1t teszi ki az omega-3 zs\u00edrsav. A len sz\u00e1m\u00edt az omega-3 zs\u00edrsav els\u0151dleges forr\u00e1s\u00e1nak. Tov\u00e1bbi el\u0151ny\u00f6s tulajdons\u00e1gai k\u00f6z\u00e9 tartozik, hogy nagy mennyis\u00e9gben tartalmaz lignant. Sejtv\u00e9d\u0151, antioxid\u00e1ns tulajdons\u00e1ga r\u00e9v\u00e9n a lignan hat\u00e1sosan alkalmazhat\u00f3 a daganatos \u00e9s sz\u00edv-\u00e9rrendszeri betegs\u00e9gek megel\u0151z\u00e9s\u00e9ben, kezel\u00e9s\u00e9ben. Alkalmas a v\u00e9r koleszterinszintj\u00e9nek cs\u00f6kkent\u00e9s\u00e9re. Norm\u00e1l zs\u00edrsavszint eset\u00e9n hat\u00e9konyabb az idegrendszeri m\u0171k\u00f6d\u00e9s, alacsonyabb a depresszi\u00f3 \u00e9s ment\u00e1lis zavarok el\u0151fordul\u00e1s\u00e1nak gyakoris\u00e1ga. A n\u00e9pi gy\u00f3gy\u00e1szat is el\u0151szeretettel alkalmazza p\u00e9ld\u00e1ul sz\u00e9kreked\u00e9s \u00e9s b\u00e9lrenyhes\u00e9g eset\u00e9n kihaszn\u00e1lva hashajt\u00f3, b\u00e9lm\u0171k\u00f6d\u00e9st seg\u00edt\u0151 hat\u00e1s\u00e1t.<\/p>\n","protected":false},"excerpt":{"rendered":"<p>Egys\u00e9g\u00e1r: 6000 Ft\/l<\/p>\n","protected":false},"featured_media":6088,"comment_status":"open","ping_status":"closed","template":"","meta":{"site-sidebar-layout":"default","site-content-layout":"default","ast-global-header-display":"","ast-main-header-display":"","ast-hfb-above-header-display":"","ast-hfb-below-header-display":"","ast-hfb-mobile-header-display":"","site-post-title":"","ast-breadcrumbs-content":"","ast-featured-img":"","footer-sml-layout":"","theme-transparent-header-meta":"default","adv-header-id-meta":"","stick-header-meta":"","header-above-stick-meta":"","header-main-stick-meta":"","header-below-stick-meta":""},"product_cat":[15],"product_tag":[],"class_list":{"0":"post-5721","1":"product","2":"type-product","3":"status-publish","4":"has-post-thumbnail","6":"product_cat-egyeb","7":"desktop-align-left","8":"tablet-align-left","9":"mobile-align-left","11":"first","12":"instock","13":"shipping-taxable","14":"purchasable","15":"product-type-simple"},"yoast_head":"<!-- This site is optimized with the Yoast SEO plugin v25.1 - https:\/\/yoast.com\/wordpress\/plugins\/seo\/ -->\n<title>Malea Lenmagolaj 250ml - Lencs\u00e9si Biobolt<\/title>\n<meta name=\"robots\" content=\"index, follow, max-snippet:-1, max-image-preview:large, max-video-preview:-1\" \/>\n<link rel=\"canonical\" href=\"https:\/\/lencsesibiobolt.hu\/?product=lenmagolaj\" \/>\n<meta property=\"og:locale\" content=\"hu_HU\" \/>\n<meta property=\"og:type\" content=\"article\" \/>\n<meta property=\"og:title\" content=\"Malea Lenmagolaj 250ml - Lencs\u00e9si Biobolt\" \/>\n<meta property=\"og:description\" content=\"Egys\u00e9g\u00e1r: 6000 Ft\/l\" \/>\n<meta property=\"og:url\" content=\"https:\/\/lencsesibiobolt.hu\/?product=lenmagolaj\" \/>\n<meta property=\"og:site_name\" content=\"Lencs\u00e9si Biobolt\" \/>\n<meta property=\"article:publisher\" content=\"https:\/\/www.facebook.com\/lencsesibiobolt\" \/>\n<meta property=\"article:modified_time\" content=\"2024-07-04T11:18:13+00:00\" \/>\n<meta property=\"og:image\" content=\"https:\/\/lencsesibiobolt.hu\/wp-content\/uploads\/2022\/11\/314653059_679017590206008_1693394484394940578_n-removebg-preview.png\" \/>\n\t<meta property=\"og:image:width\" content=\"510\" \/>\n\t<meta property=\"og:image:height\" content=\"489\" \/>\n\t<meta property=\"og:image:type\" content=\"image\/png\" \/>\n<meta name=\"twitter:card\" content=\"summary_large_image\" \/>\n<meta name=\"twitter:label1\" content=\"Becs\u00fclt olvas\u00e1si id\u0151\" \/>\n\t<meta name=\"twitter:data1\" content=\"1 perc\" \/>\n<script type=\"application\/ld+json\" class=\"yoast-schema-graph\">{\"@context\":\"https:\/\/schema.org\",\"@graph\":[{\"@type\":\"WebPage\",\"@id\":\"https:\/\/lencsesibiobolt.hu\/?product=lenmagolaj\",\"url\":\"https:\/\/lencsesibiobolt.hu\/?product=lenmagolaj\",\"name\":\"Malea Lenmagolaj 250ml - Lencs\u00e9si Biobolt\",\"isPartOf\":{\"@id\":\"https:\/\/lencsesibiobolt.hu\/#website\"},\"primaryImageOfPage\":{\"@id\":\"https:\/\/lencsesibiobolt.hu\/?product=lenmagolaj#primaryimage\"},\"image\":{\"@id\":\"https:\/\/lencsesibiobolt.hu\/?product=lenmagolaj#primaryimage\"},\"thumbnailUrl\":\"https:\/\/lencsesibiobolt.hu\/wp-content\/uploads\/2022\/11\/314653059_679017590206008_1693394484394940578_n-removebg-preview.png\",\"datePublished\":\"2022-11-08T20:31:59+00:00\",\"dateModified\":\"2024-07-04T11:18:13+00:00\",\"breadcrumb\":{\"@id\":\"https:\/\/lencsesibiobolt.hu\/?product=lenmagolaj#breadcrumb\"},\"inLanguage\":\"hu\",\"potentialAction\":[{\"@type\":\"ReadAction\",\"target\":[\"https:\/\/lencsesibiobolt.hu\/?product=lenmagolaj\"]}]},{\"@type\":\"ImageObject\",\"inLanguage\":\"hu\",\"@id\":\"https:\/\/lencsesibiobolt.hu\/?product=lenmagolaj#primaryimage\",\"url\":\"https:\/\/lencsesibiobolt.hu\/wp-content\/uploads\/2022\/11\/314653059_679017590206008_1693394484394940578_n-removebg-preview.png\",\"contentUrl\":\"https:\/\/lencsesibiobolt.hu\/wp-content\/uploads\/2022\/11\/314653059_679017590206008_1693394484394940578_n-removebg-preview.png\",\"width\":510,\"height\":489},{\"@type\":\"BreadcrumbList\",\"@id\":\"https:\/\/lencsesibiobolt.hu\/?product=lenmagolaj#breadcrumb\",\"itemListElement\":[{\"@type\":\"ListItem\",\"position\":1,\"name\":\"Kezd\u0151lap\",\"item\":\"https:\/\/lencsesibiobolt.hu\/\"},{\"@type\":\"ListItem\",\"position\":2,\"name\":\"Bolt\",\"item\":\"https:\/\/lencsesibiobolt.hu\/?page_id=401\"},{\"@type\":\"ListItem\",\"position\":3,\"name\":\"Malea Lenmagolaj 250ml\"}]},{\"@type\":\"WebSite\",\"@id\":\"https:\/\/lencsesibiobolt.hu\/#website\",\"url\":\"https:\/\/lencsesibiobolt.hu\/\",\"name\":\"Lencs\u00e9si Biobolt\",\"description\":\"\",\"publisher\":{\"@id\":\"https:\/\/lencsesibiobolt.hu\/#organization\"},\"potentialAction\":[{\"@type\":\"SearchAction\",\"target\":{\"@type\":\"EntryPoint\",\"urlTemplate\":\"https:\/\/lencsesibiobolt.hu\/?s={search_term_string}\"},\"query-input\":{\"@type\":\"PropertyValueSpecification\",\"valueRequired\":true,\"valueName\":\"search_term_string\"}}],\"inLanguage\":\"hu\"},{\"@type\":\"Organization\",\"@id\":\"https:\/\/lencsesibiobolt.hu\/#organization\",\"name\":\"Lencs\u00e9si Biobolt\",\"url\":\"https:\/\/lencsesibiobolt.hu\/\",\"logo\":{\"@type\":\"ImageObject\",\"inLanguage\":\"hu\",\"@id\":\"https:\/\/lencsesibiobolt.hu\/#\/schema\/logo\/image\/\",\"url\":\"https:\/\/lencsesibiobolt.hu\/wp-content\/uploads\/2024\/01\/cropped-Zold-Kanal-Vegetarianus-Etterem-Logo-masolata-e1705084274293.png\",\"contentUrl\":\"https:\/\/lencsesibiobolt.hu\/wp-content\/uploads\/2024\/01\/cropped-Zold-Kanal-Vegetarianus-Etterem-Logo-masolata-e1705084274293.png\",\"width\":396,\"height\":268,\"caption\":\"Lencs\u00e9si Biobolt\"},\"image\":{\"@id\":\"https:\/\/lencsesibiobolt.hu\/#\/schema\/logo\/image\/\"},\"sameAs\":[\"https:\/\/www.facebook.com\/lencsesibiobolt\"]}]}<\/script>\n<!-- \/ Yoast SEO plugin. -->","yoast_head_json":{"title":"Malea Lenmagolaj 250ml - Lencs\u00e9si Biobolt","robots":{"index":"index","follow":"follow","max-snippet":"max-snippet:-1","max-image-preview":"max-image-preview:large","max-video-preview":"max-video-preview:-1"},"canonical":"https:\/\/lencsesibiobolt.hu\/?product=lenmagolaj","og_locale":"hu_HU","og_type":"article","og_title":"Malea Lenmagolaj 250ml - Lencs\u00e9si Biobolt","og_description":"Egys\u00e9g\u00e1r: 6000 Ft\/l","og_url":"https:\/\/lencsesibiobolt.hu\/?product=lenmagolaj","og_site_name":"Lencs\u00e9si Biobolt","article_publisher":"https:\/\/www.facebook.com\/lencsesibiobolt","article_modified_time":"2024-07-04T11:18:13+00:00","og_image":[{"width":510,"height":489,"url":"https:\/\/lencsesibiobolt.hu\/wp-content\/uploads\/2022\/11\/314653059_679017590206008_1693394484394940578_n-removebg-preview.png","type":"image\/png"}],"twitter_card":"summary_large_image","twitter_misc":{"Becs\u00fclt olvas\u00e1si id\u0151":"1 perc"},"schema":{"@context":"https:\/\/schema.org","@graph":[{"@type":"WebPage","@id":"https:\/\/lencsesibiobolt.hu\/?product=lenmagolaj","url":"https:\/\/lencsesibiobolt.hu\/?product=lenmagolaj","name":"Malea Lenmagolaj 250ml - Lencs\u00e9si Biobolt","isPartOf":{"@id":"https:\/\/lencsesibiobolt.hu\/#website"},"primaryImageOfPage":{"@id":"https:\/\/lencsesibiobolt.hu\/?product=lenmagolaj#primaryimage"},"image":{"@id":"https:\/\/lencsesibiobolt.hu\/?product=lenmagolaj#primaryimage"},"thumbnailUrl":"https:\/\/lencsesibiobolt.hu\/wp-content\/uploads\/2022\/11\/314653059_679017590206008_1693394484394940578_n-removebg-preview.png","datePublished":"2022-11-08T20:31:59+00:00","dateModified":"2024-07-04T11:18:13+00:00","breadcrumb":{"@id":"https:\/\/lencsesibiobolt.hu\/?product=lenmagolaj#breadcrumb"},"inLanguage":"hu","potentialAction":[{"@type":"ReadAction","target":["https:\/\/lencsesibiobolt.hu\/?product=lenmagolaj"]}]},{"@type":"ImageObject","inLanguage":"hu","@id":"https:\/\/lencsesibiobolt.hu\/?product=lenmagolaj#primaryimage","url":"https:\/\/lencsesibiobolt.hu\/wp-content\/uploads\/2022\/11\/314653059_679017590206008_1693394484394940578_n-removebg-preview.png","contentUrl":"https:\/\/lencsesibiobolt.hu\/wp-content\/uploads\/2022\/11\/314653059_679017590206008_1693394484394940578_n-removebg-preview.png","width":510,"height":489},{"@type":"BreadcrumbList","@id":"https:\/\/lencsesibiobolt.hu\/?product=lenmagolaj#breadcrumb","itemListElement":[{"@type":"ListItem","position":1,"name":"Kezd\u0151lap","item":"https:\/\/lencsesibiobolt.hu\/"},{"@type":"ListItem","position":2,"name":"Bolt","item":"https:\/\/lencsesibiobolt.hu\/?page_id=401"},{"@type":"ListItem","position":3,"name":"Malea Lenmagolaj 250ml"}]},{"@type":"WebSite","@id":"https:\/\/lencsesibiobolt.hu\/#website","url":"https:\/\/lencsesibiobolt.hu\/","name":"Lencs\u00e9si Biobolt","description":"","publisher":{"@id":"https:\/\/lencsesibiobolt.hu\/#organization"},"potentialAction":[{"@type":"SearchAction","target":{"@type":"EntryPoint","urlTemplate":"https:\/\/lencsesibiobolt.hu\/?s={search_term_string}"},"query-input":{"@type":"PropertyValueSpecification","valueRequired":true,"valueName":"search_term_string"}}],"inLanguage":"hu"},{"@type":"Organization","@id":"https:\/\/lencsesibiobolt.hu\/#organization","name":"Lencs\u00e9si Biobolt","url":"https:\/\/lencsesibiobolt.hu\/","logo":{"@type":"ImageObject","inLanguage":"hu","@id":"https:\/\/lencsesibiobolt.hu\/#\/schema\/logo\/image\/","url":"https:\/\/lencsesibiobolt.hu\/wp-content\/uploads\/2024\/01\/cropped-Zold-Kanal-Vegetarianus-Etterem-Logo-masolata-e1705084274293.png","contentUrl":"https:\/\/lencsesibiobolt.hu\/wp-content\/uploads\/2024\/01\/cropped-Zold-Kanal-Vegetarianus-Etterem-Logo-masolata-e1705084274293.png","width":396,"height":268,"caption":"Lencs\u00e9si Biobolt"},"image":{"@id":"https:\/\/lencsesibiobolt.hu\/#\/schema\/logo\/image\/"},"sameAs":["https:\/\/www.facebook.com\/lencsesibiobolt"]}]}},"_links":{"self":[{"href":"https:\/\/lencsesibiobolt.hu\/index.php?rest_route=\/wp\/v2\/product\/5721","targetHints":{"allow":["GET"]}}],"collection":[{"href":"https:\/\/lencsesibiobolt.hu\/index.php?rest_route=\/wp\/v2\/product"}],"about":[{"href":"https:\/\/lencsesibiobolt.hu\/index.php?rest_route=\/wp\/v2\/types\/product"}],"replies":[{"embeddable":true,"href":"https:\/\/lencsesibiobolt.hu\/index.php?rest_route=%2Fwp%2Fv2%2Fcomments&post=5721"}],"wp:featuredmedia":[{"embeddable":true,"href":"https:\/\/lencsesibiobolt.hu\/index.php?rest_route=\/wp\/v2\/media\/6088"}],"wp:attachment":[{"href":"https:\/\/lencsesibiobolt.hu\/index.php?rest_route=%2Fwp%2Fv2%2Fmedia&parent=5721"}],"wp:term":[{"taxonomy":"product_cat","embeddable":true,"href":"https:\/\/lencsesibiobolt.hu\/index.php?rest_route=%2Fwp%2Fv2%2Fproduct_cat&post=5721"},{"taxonomy":"product_tag","embeddable":true,"href":"https:\/\/lencsesibiobolt.hu\/index.php?rest_route=%2Fwp%2Fv2%2Fproduct_tag&post=5721"}],"curies":[{"name":"wp","href":"https:\/\/api.w.org\/{rel}","templated":true}]}}