{"id":5711,"date":"2022-11-08T20:21:51","date_gmt":"2022-11-08T20:21:51","guid":{"rendered":"https:\/\/lencsesibiobolt.hu\/?post_type=product&#038;p=5711"},"modified":"2024-07-04T08:50:54","modified_gmt":"2024-07-04T08:50:54","slug":"malea-szolomag-olaj","status":"publish","type":"product","link":"https:\/\/lencsesibiobolt.hu\/?product=malea-szolomag-olaj","title":{"rendered":"Malea Sz\u0151l\u0151mag olaj 100ml"},"content":{"rendered":"<p>A hidegsajtol\u00e1ssal el\u0151\u00e1ll\u00edtott sz\u0151l\u0151mag olaj sz\u00edne z\u00f6ldes, illata a feldolgozott sz\u0151l\u0151h\u00f6z hasonl\u00edt, napjaink korszer\u0171, eg\u00e9szs\u00e9ges t\u00e1pl\u00e1lkoz\u00e1s\u00e1ban alapvet\u0151 szerepet kapott.<br \/>\nEl\u0151ny\u00f6s \u00e9lettani tulajdons\u00e1gainak k\u00f6sz\u00f6nhet\u0151en az egyik leg\u00e9rt\u00e9kesebb n\u00f6v\u00e9nyi olajf\u00e9l\u00e9nek tartj\u00e1k<\/p>\n","protected":false},"excerpt":{"rendered":"<p>Egys\u00e9g\u00e1r: 16000 Ft\/l<\/p>\n","protected":false},"featured_media":6090,"comment_status":"open","ping_status":"closed","template":"","meta":{"site-sidebar-layout":"default","site-content-layout":"default","ast-global-header-display":"","ast-main-header-display":"","ast-hfb-above-header-display":"","ast-hfb-below-header-display":"","ast-hfb-mobile-header-display":"","site-post-title":"","ast-breadcrumbs-content":"","ast-featured-img":"","footer-sml-layout":"","theme-transparent-header-meta":"default","adv-header-id-meta":"","stick-header-meta":"","header-above-stick-meta":"","header-main-stick-meta":"","header-below-stick-meta":""},"product_cat":[15],"product_tag":[],"class_list":{"0":"post-5711","1":"product","2":"type-product","3":"status-publish","4":"has-post-thumbnail","6":"product_cat-egyeb","7":"desktop-align-left","8":"tablet-align-left","9":"mobile-align-left","11":"first","12":"instock","13":"shipping-taxable","14":"purchasable","15":"product-type-simple"},"yoast_head":"<!-- This site is optimized with the Yoast SEO plugin v25.1 - https:\/\/yoast.com\/wordpress\/plugins\/seo\/ -->\n<title>Malea Sz\u0151l\u0151mag olaj 100ml - Lencs\u00e9si Biobolt<\/title>\n<meta name=\"robots\" content=\"index, follow, max-snippet:-1, max-image-preview:large, max-video-preview:-1\" \/>\n<link rel=\"canonical\" href=\"https:\/\/lencsesibiobolt.hu\/?product=malea-szolomag-olaj\" \/>\n<meta property=\"og:locale\" content=\"hu_HU\" \/>\n<meta property=\"og:type\" content=\"article\" \/>\n<meta property=\"og:title\" content=\"Malea Sz\u0151l\u0151mag olaj 100ml - Lencs\u00e9si Biobolt\" \/>\n<meta property=\"og:description\" content=\"Egys\u00e9g\u00e1r: 16000 Ft\/l\" \/>\n<meta property=\"og:url\" content=\"https:\/\/lencsesibiobolt.hu\/?product=malea-szolomag-olaj\" \/>\n<meta property=\"og:site_name\" content=\"Lencs\u00e9si Biobolt\" \/>\n<meta property=\"article:publisher\" content=\"https:\/\/www.facebook.com\/lencsesibiobolt\" \/>\n<meta property=\"article:modified_time\" content=\"2024-07-04T08:50:54+00:00\" \/>\n<meta property=\"og:image\" content=\"https:\/\/lencsesibiobolt.hu\/wp-content\/uploads\/2022\/11\/313105730_645976420537389_106346286445443594_n-removebg-preview.png\" \/>\n\t<meta property=\"og:image:width\" content=\"509\" \/>\n\t<meta property=\"og:image:height\" content=\"490\" \/>\n\t<meta property=\"og:image:type\" content=\"image\/png\" \/>\n<meta name=\"twitter:card\" content=\"summary_large_image\" \/>\n<meta name=\"twitter:label1\" content=\"Becs\u00fclt olvas\u00e1si id\u0151\" \/>\n\t<meta name=\"twitter:data1\" content=\"1 perc\" \/>\n<script type=\"application\/ld+json\" class=\"yoast-schema-graph\">{\"@context\":\"https:\/\/schema.org\",\"@graph\":[{\"@type\":\"WebPage\",\"@id\":\"https:\/\/lencsesibiobolt.hu\/?product=malea-szolomag-olaj\",\"url\":\"https:\/\/lencsesibiobolt.hu\/?product=malea-szolomag-olaj\",\"name\":\"Malea Sz\u0151l\u0151mag olaj 100ml - Lencs\u00e9si Biobolt\",\"isPartOf\":{\"@id\":\"https:\/\/lencsesibiobolt.hu\/#website\"},\"primaryImageOfPage\":{\"@id\":\"https:\/\/lencsesibiobolt.hu\/?product=malea-szolomag-olaj#primaryimage\"},\"image\":{\"@id\":\"https:\/\/lencsesibiobolt.hu\/?product=malea-szolomag-olaj#primaryimage\"},\"thumbnailUrl\":\"https:\/\/lencsesibiobolt.hu\/wp-content\/uploads\/2022\/11\/313105730_645976420537389_106346286445443594_n-removebg-preview.png\",\"datePublished\":\"2022-11-08T20:21:51+00:00\",\"dateModified\":\"2024-07-04T08:50:54+00:00\",\"breadcrumb\":{\"@id\":\"https:\/\/lencsesibiobolt.hu\/?product=malea-szolomag-olaj#breadcrumb\"},\"inLanguage\":\"hu\",\"potentialAction\":[{\"@type\":\"ReadAction\",\"target\":[\"https:\/\/lencsesibiobolt.hu\/?product=malea-szolomag-olaj\"]}]},{\"@type\":\"ImageObject\",\"inLanguage\":\"hu\",\"@id\":\"https:\/\/lencsesibiobolt.hu\/?product=malea-szolomag-olaj#primaryimage\",\"url\":\"https:\/\/lencsesibiobolt.hu\/wp-content\/uploads\/2022\/11\/313105730_645976420537389_106346286445443594_n-removebg-preview.png\",\"contentUrl\":\"https:\/\/lencsesibiobolt.hu\/wp-content\/uploads\/2022\/11\/313105730_645976420537389_106346286445443594_n-removebg-preview.png\",\"width\":509,\"height\":490},{\"@type\":\"BreadcrumbList\",\"@id\":\"https:\/\/lencsesibiobolt.hu\/?product=malea-szolomag-olaj#breadcrumb\",\"itemListElement\":[{\"@type\":\"ListItem\",\"position\":1,\"name\":\"Kezd\u0151lap\",\"item\":\"https:\/\/lencsesibiobolt.hu\/\"},{\"@type\":\"ListItem\",\"position\":2,\"name\":\"Bolt\",\"item\":\"https:\/\/lencsesibiobolt.hu\/?page_id=401\"},{\"@type\":\"ListItem\",\"position\":3,\"name\":\"Malea Sz\u0151l\u0151mag olaj 100ml\"}]},{\"@type\":\"WebSite\",\"@id\":\"https:\/\/lencsesibiobolt.hu\/#website\",\"url\":\"https:\/\/lencsesibiobolt.hu\/\",\"name\":\"Lencs\u00e9si Biobolt\",\"description\":\"\",\"publisher\":{\"@id\":\"https:\/\/lencsesibiobolt.hu\/#organization\"},\"potentialAction\":[{\"@type\":\"SearchAction\",\"target\":{\"@type\":\"EntryPoint\",\"urlTemplate\":\"https:\/\/lencsesibiobolt.hu\/?s={search_term_string}\"},\"query-input\":{\"@type\":\"PropertyValueSpecification\",\"valueRequired\":true,\"valueName\":\"search_term_string\"}}],\"inLanguage\":\"hu\"},{\"@type\":\"Organization\",\"@id\":\"https:\/\/lencsesibiobolt.hu\/#organization\",\"name\":\"Lencs\u00e9si Biobolt\",\"url\":\"https:\/\/lencsesibiobolt.hu\/\",\"logo\":{\"@type\":\"ImageObject\",\"inLanguage\":\"hu\",\"@id\":\"https:\/\/lencsesibiobolt.hu\/#\/schema\/logo\/image\/\",\"url\":\"https:\/\/lencsesibiobolt.hu\/wp-content\/uploads\/2024\/01\/cropped-Zold-Kanal-Vegetarianus-Etterem-Logo-masolata-e1705084274293.png\",\"contentUrl\":\"https:\/\/lencsesibiobolt.hu\/wp-content\/uploads\/2024\/01\/cropped-Zold-Kanal-Vegetarianus-Etterem-Logo-masolata-e1705084274293.png\",\"width\":396,\"height\":268,\"caption\":\"Lencs\u00e9si Biobolt\"},\"image\":{\"@id\":\"https:\/\/lencsesibiobolt.hu\/#\/schema\/logo\/image\/\"},\"sameAs\":[\"https:\/\/www.facebook.com\/lencsesibiobolt\"]}]}<\/script>\n<!-- \/ Yoast SEO plugin. -->","yoast_head_json":{"title":"Malea Sz\u0151l\u0151mag olaj 100ml - Lencs\u00e9si Biobolt","robots":{"index":"index","follow":"follow","max-snippet":"max-snippet:-1","max-image-preview":"max-image-preview:large","max-video-preview":"max-video-preview:-1"},"canonical":"https:\/\/lencsesibiobolt.hu\/?product=malea-szolomag-olaj","og_locale":"hu_HU","og_type":"article","og_title":"Malea Sz\u0151l\u0151mag olaj 100ml - Lencs\u00e9si Biobolt","og_description":"Egys\u00e9g\u00e1r: 16000 Ft\/l","og_url":"https:\/\/lencsesibiobolt.hu\/?product=malea-szolomag-olaj","og_site_name":"Lencs\u00e9si Biobolt","article_publisher":"https:\/\/www.facebook.com\/lencsesibiobolt","article_modified_time":"2024-07-04T08:50:54+00:00","og_image":[{"width":509,"height":490,"url":"https:\/\/lencsesibiobolt.hu\/wp-content\/uploads\/2022\/11\/313105730_645976420537389_106346286445443594_n-removebg-preview.png","type":"image\/png"}],"twitter_card":"summary_large_image","twitter_misc":{"Becs\u00fclt olvas\u00e1si id\u0151":"1 perc"},"schema":{"@context":"https:\/\/schema.org","@graph":[{"@type":"WebPage","@id":"https:\/\/lencsesibiobolt.hu\/?product=malea-szolomag-olaj","url":"https:\/\/lencsesibiobolt.hu\/?product=malea-szolomag-olaj","name":"Malea Sz\u0151l\u0151mag olaj 100ml - Lencs\u00e9si Biobolt","isPartOf":{"@id":"https:\/\/lencsesibiobolt.hu\/#website"},"primaryImageOfPage":{"@id":"https:\/\/lencsesibiobolt.hu\/?product=malea-szolomag-olaj#primaryimage"},"image":{"@id":"https:\/\/lencsesibiobolt.hu\/?product=malea-szolomag-olaj#primaryimage"},"thumbnailUrl":"https:\/\/lencsesibiobolt.hu\/wp-content\/uploads\/2022\/11\/313105730_645976420537389_106346286445443594_n-removebg-preview.png","datePublished":"2022-11-08T20:21:51+00:00","dateModified":"2024-07-04T08:50:54+00:00","breadcrumb":{"@id":"https:\/\/lencsesibiobolt.hu\/?product=malea-szolomag-olaj#breadcrumb"},"inLanguage":"hu","potentialAction":[{"@type":"ReadAction","target":["https:\/\/lencsesibiobolt.hu\/?product=malea-szolomag-olaj"]}]},{"@type":"ImageObject","inLanguage":"hu","@id":"https:\/\/lencsesibiobolt.hu\/?product=malea-szolomag-olaj#primaryimage","url":"https:\/\/lencsesibiobolt.hu\/wp-content\/uploads\/2022\/11\/313105730_645976420537389_106346286445443594_n-removebg-preview.png","contentUrl":"https:\/\/lencsesibiobolt.hu\/wp-content\/uploads\/2022\/11\/313105730_645976420537389_106346286445443594_n-removebg-preview.png","width":509,"height":490},{"@type":"BreadcrumbList","@id":"https:\/\/lencsesibiobolt.hu\/?product=malea-szolomag-olaj#breadcrumb","itemListElement":[{"@type":"ListItem","position":1,"name":"Kezd\u0151lap","item":"https:\/\/lencsesibiobolt.hu\/"},{"@type":"ListItem","position":2,"name":"Bolt","item":"https:\/\/lencsesibiobolt.hu\/?page_id=401"},{"@type":"ListItem","position":3,"name":"Malea Sz\u0151l\u0151mag olaj 100ml"}]},{"@type":"WebSite","@id":"https:\/\/lencsesibiobolt.hu\/#website","url":"https:\/\/lencsesibiobolt.hu\/","name":"Lencs\u00e9si Biobolt","description":"","publisher":{"@id":"https:\/\/lencsesibiobolt.hu\/#organization"},"potentialAction":[{"@type":"SearchAction","target":{"@type":"EntryPoint","urlTemplate":"https:\/\/lencsesibiobolt.hu\/?s={search_term_string}"},"query-input":{"@type":"PropertyValueSpecification","valueRequired":true,"valueName":"search_term_string"}}],"inLanguage":"hu"},{"@type":"Organization","@id":"https:\/\/lencsesibiobolt.hu\/#organization","name":"Lencs\u00e9si Biobolt","url":"https:\/\/lencsesibiobolt.hu\/","logo":{"@type":"ImageObject","inLanguage":"hu","@id":"https:\/\/lencsesibiobolt.hu\/#\/schema\/logo\/image\/","url":"https:\/\/lencsesibiobolt.hu\/wp-content\/uploads\/2024\/01\/cropped-Zold-Kanal-Vegetarianus-Etterem-Logo-masolata-e1705084274293.png","contentUrl":"https:\/\/lencsesibiobolt.hu\/wp-content\/uploads\/2024\/01\/cropped-Zold-Kanal-Vegetarianus-Etterem-Logo-masolata-e1705084274293.png","width":396,"height":268,"caption":"Lencs\u00e9si Biobolt"},"image":{"@id":"https:\/\/lencsesibiobolt.hu\/#\/schema\/logo\/image\/"},"sameAs":["https:\/\/www.facebook.com\/lencsesibiobolt"]}]}},"_links":{"self":[{"href":"https:\/\/lencsesibiobolt.hu\/index.php?rest_route=\/wp\/v2\/product\/5711","targetHints":{"allow":["GET"]}}],"collection":[{"href":"https:\/\/lencsesibiobolt.hu\/index.php?rest_route=\/wp\/v2\/product"}],"about":[{"href":"https:\/\/lencsesibiobolt.hu\/index.php?rest_route=\/wp\/v2\/types\/product"}],"replies":[{"embeddable":true,"href":"https:\/\/lencsesibiobolt.hu\/index.php?rest_route=%2Fwp%2Fv2%2Fcomments&post=5711"}],"wp:featuredmedia":[{"embeddable":true,"href":"https:\/\/lencsesibiobolt.hu\/index.php?rest_route=\/wp\/v2\/media\/6090"}],"wp:attachment":[{"href":"https:\/\/lencsesibiobolt.hu\/index.php?rest_route=%2Fwp%2Fv2%2Fmedia&parent=5711"}],"wp:term":[{"taxonomy":"product_cat","embeddable":true,"href":"https:\/\/lencsesibiobolt.hu\/index.php?rest_route=%2Fwp%2Fv2%2Fproduct_cat&post=5711"},{"taxonomy":"product_tag","embeddable":true,"href":"https:\/\/lencsesibiobolt.hu\/index.php?rest_route=%2Fwp%2Fv2%2Fproduct_tag&post=5711"}],"curies":[{"name":"wp","href":"https:\/\/api.w.org\/{rel}","templated":true}]}}