{"id":5655,"date":"2022-11-01T21:14:14","date_gmt":"2022-11-01T21:14:14","guid":{"rendered":"https:\/\/lencsesibiobolt.hu\/?post_type=product&#038;p=5655"},"modified":"2025-05-20T07:19:24","modified_gmt":"2025-05-20T07:19:24","slug":"ganocafe-classic-30db","status":"publish","type":"product","link":"https:\/\/lencsesibiobolt.hu\/?product=ganocafe-classic-30db","title":{"rendered":"Ganocafe classic 30db"},"content":{"rendered":"<p>A k\u00e1v\u00e9 seg\u00edthet meg\u0151rizni a szervezet magas energiaszintj\u00e9t, hozz\u00e1j\u00e1rulhat a vitalit\u00e1s n\u00f6vel\u00e9s\u00e9hez. A ganoderma hozz\u00e1j\u00e1rulhat az eg\u00e9szs\u00e9g meg\u0151rz\u00e9s\u00e9hez, az immunrendszer norm\u00e1l m\u0171k\u00f6d\u00e9s\u00e9hez.<\/p>\n<p>A GanoCafe Classic az \u00e1tlagos k\u00e1v\u00e9hoz k\u00e9pest negyedannyi koffeint tartalmaz. Cukorbetegek is fogyaszthatj\u00e1k.<\/p>\n<h2>Ganoderma (Pecs\u00e9tviaszgomba, Reishi)<\/h2>\n<p>A gy\u00f3gygomb\u00e1kban t\u00f6bb sz\u00e1z term\u00e9szetes, akt\u00edv hat\u00f3anyag tal\u00e1lhat\u00f3, amelyek nem csup\u00e1n a szervezet egy-egy szerv\u00e9re hatnak, hanem teljes eg\u00e9sz\u00e9re. Az egyik legsokoldal\u00fabb, legt\u00f6bb ter\u00fcleten felhaszn\u00e1lt gy\u00f3gygomba. K\u00faraszer\u0171en alkalmazz\u00e1k a leromlott eg\u00e9szs\u00e9gi \u00e1llapot \u00e9s az immunrendszer m\u0171k\u00f6d\u00e9s\u00e9nek jav\u00edt\u00e1s\u00e1ra, kiemelt szerepe van a m\u00e1j, a gyomor, a b\u00e9lrendszer, a l\u00e9gz\u0151szervek \u00e9s a hasny\u00e1lmirigy megbeteged\u00e9seinek kieg\u00e9sz\u00edt\u0151 kezel\u00e9s\u00e9ben, tov\u00e1bb\u00e1 a rosszindulat\u00fa daganatok gy\u00f3gy\u00edt\u00e1s\u00e1ban, illetve a kemoter\u00e1pia mell\u00e9khat\u00e1sainak enyh\u00edt\u00e9s\u00e9ben. Hat\u00f3anyagai el\u0151seg\u00edtik, hogy a szervezet megfelel\u0151en felk\u00e9sz\u00fclj\u00f6n \u00e9s ellen\u00e1lljon a toxikus anyagok, a v\u00edrusok, fert\u0151z\u00e9sek, a k\u00fcl\u00f6nf\u00e9le fizikai s\u00e9r\u00fcl\u00e9sek \u00e9s pszichol\u00f3giai stresszhat\u00e1soknak.<\/p>\n","protected":false},"excerpt":{"rendered":"<p>Egys\u00e9g\u00e1r: 176,6 Ft\/db<\/p>\n","protected":false},"featured_media":6113,"comment_status":"open","ping_status":"closed","template":"","meta":{"site-sidebar-layout":"default","site-content-layout":"default","ast-global-header-display":"","ast-main-header-display":"","ast-hfb-above-header-display":"","ast-hfb-below-header-display":"","ast-hfb-mobile-header-display":"","site-post-title":"","ast-breadcrumbs-content":"","ast-featured-img":"","footer-sml-layout":"","theme-transparent-header-meta":"default","adv-header-id-meta":"","stick-header-meta":"","header-above-stick-meta":"","header-main-stick-meta":"","header-below-stick-meta":""},"product_cat":[46],"product_tag":[],"class_list":{"0":"post-5655","1":"product","2":"type-product","3":"status-publish","4":"has-post-thumbnail","6":"product_cat-kave-es-italporok","7":"desktop-align-left","8":"tablet-align-left","9":"mobile-align-left","11":"first","12":"instock","13":"sale","14":"shipping-taxable","15":"purchasable","16":"product-type-simple"},"yoast_head":"<!-- This site is optimized with the Yoast SEO plugin v25.1 - https:\/\/yoast.com\/wordpress\/plugins\/seo\/ -->\n<title>Ganocafe classic 30db - Lencs\u00e9si Biobolt<\/title>\n<meta name=\"robots\" content=\"index, follow, max-snippet:-1, max-image-preview:large, max-video-preview:-1\" \/>\n<link rel=\"canonical\" href=\"https:\/\/lencsesibiobolt.hu\/?product=ganocafe-classic-30db\" \/>\n<meta property=\"og:locale\" content=\"hu_HU\" \/>\n<meta property=\"og:type\" content=\"article\" \/>\n<meta property=\"og:title\" content=\"Ganocafe classic 30db - Lencs\u00e9si Biobolt\" \/>\n<meta property=\"og:description\" content=\"Egys\u00e9g\u00e1r: 176,6 Ft\/db\" \/>\n<meta property=\"og:url\" content=\"https:\/\/lencsesibiobolt.hu\/?product=ganocafe-classic-30db\" \/>\n<meta property=\"og:site_name\" content=\"Lencs\u00e9si Biobolt\" \/>\n<meta property=\"article:publisher\" content=\"https:\/\/www.facebook.com\/lencsesibiobolt\" \/>\n<meta property=\"article:modified_time\" content=\"2025-05-20T07:19:24+00:00\" \/>\n<meta property=\"og:image\" content=\"https:\/\/lencsesibiobolt.hu\/wp-content\/uploads\/2024\/02\/IMG_20221004_094157-removebg-preview.png\" \/>\n\t<meta property=\"og:image:width\" content=\"516\" \/>\n\t<meta property=\"og:image:height\" content=\"484\" \/>\n\t<meta property=\"og:image:type\" content=\"image\/png\" \/>\n<meta name=\"twitter:card\" content=\"summary_large_image\" \/>\n<meta name=\"twitter:label1\" content=\"Becs\u00fclt olvas\u00e1si id\u0151\" \/>\n\t<meta name=\"twitter:data1\" content=\"1 perc\" \/>\n<script type=\"application\/ld+json\" class=\"yoast-schema-graph\">{\"@context\":\"https:\/\/schema.org\",\"@graph\":[{\"@type\":\"WebPage\",\"@id\":\"https:\/\/lencsesibiobolt.hu\/?product=ganocafe-classic-30db\",\"url\":\"https:\/\/lencsesibiobolt.hu\/?product=ganocafe-classic-30db\",\"name\":\"Ganocafe classic 30db - Lencs\u00e9si Biobolt\",\"isPartOf\":{\"@id\":\"https:\/\/lencsesibiobolt.hu\/#website\"},\"primaryImageOfPage\":{\"@id\":\"https:\/\/lencsesibiobolt.hu\/?product=ganocafe-classic-30db#primaryimage\"},\"image\":{\"@id\":\"https:\/\/lencsesibiobolt.hu\/?product=ganocafe-classic-30db#primaryimage\"},\"thumbnailUrl\":\"https:\/\/lencsesibiobolt.hu\/wp-content\/uploads\/2024\/02\/IMG_20221004_094157-removebg-preview.png\",\"datePublished\":\"2022-11-01T21:14:14+00:00\",\"dateModified\":\"2025-05-20T07:19:24+00:00\",\"breadcrumb\":{\"@id\":\"https:\/\/lencsesibiobolt.hu\/?product=ganocafe-classic-30db#breadcrumb\"},\"inLanguage\":\"hu\",\"potentialAction\":[{\"@type\":\"ReadAction\",\"target\":[\"https:\/\/lencsesibiobolt.hu\/?product=ganocafe-classic-30db\"]}]},{\"@type\":\"ImageObject\",\"inLanguage\":\"hu\",\"@id\":\"https:\/\/lencsesibiobolt.hu\/?product=ganocafe-classic-30db#primaryimage\",\"url\":\"https:\/\/lencsesibiobolt.hu\/wp-content\/uploads\/2024\/02\/IMG_20221004_094157-removebg-preview.png\",\"contentUrl\":\"https:\/\/lencsesibiobolt.hu\/wp-content\/uploads\/2024\/02\/IMG_20221004_094157-removebg-preview.png\",\"width\":516,\"height\":484},{\"@type\":\"BreadcrumbList\",\"@id\":\"https:\/\/lencsesibiobolt.hu\/?product=ganocafe-classic-30db#breadcrumb\",\"itemListElement\":[{\"@type\":\"ListItem\",\"position\":1,\"name\":\"Kezd\u0151lap\",\"item\":\"https:\/\/lencsesibiobolt.hu\/\"},{\"@type\":\"ListItem\",\"position\":2,\"name\":\"Bolt\",\"item\":\"https:\/\/lencsesibiobolt.hu\/?page_id=401\"},{\"@type\":\"ListItem\",\"position\":3,\"name\":\"Ganocafe classic 30db\"}]},{\"@type\":\"WebSite\",\"@id\":\"https:\/\/lencsesibiobolt.hu\/#website\",\"url\":\"https:\/\/lencsesibiobolt.hu\/\",\"name\":\"Lencs\u00e9si Biobolt\",\"description\":\"\",\"publisher\":{\"@id\":\"https:\/\/lencsesibiobolt.hu\/#organization\"},\"potentialAction\":[{\"@type\":\"SearchAction\",\"target\":{\"@type\":\"EntryPoint\",\"urlTemplate\":\"https:\/\/lencsesibiobolt.hu\/?s={search_term_string}\"},\"query-input\":{\"@type\":\"PropertyValueSpecification\",\"valueRequired\":true,\"valueName\":\"search_term_string\"}}],\"inLanguage\":\"hu\"},{\"@type\":\"Organization\",\"@id\":\"https:\/\/lencsesibiobolt.hu\/#organization\",\"name\":\"Lencs\u00e9si Biobolt\",\"url\":\"https:\/\/lencsesibiobolt.hu\/\",\"logo\":{\"@type\":\"ImageObject\",\"inLanguage\":\"hu\",\"@id\":\"https:\/\/lencsesibiobolt.hu\/#\/schema\/logo\/image\/\",\"url\":\"https:\/\/lencsesibiobolt.hu\/wp-content\/uploads\/2024\/01\/cropped-Zold-Kanal-Vegetarianus-Etterem-Logo-masolata-e1705084274293.png\",\"contentUrl\":\"https:\/\/lencsesibiobolt.hu\/wp-content\/uploads\/2024\/01\/cropped-Zold-Kanal-Vegetarianus-Etterem-Logo-masolata-e1705084274293.png\",\"width\":396,\"height\":268,\"caption\":\"Lencs\u00e9si Biobolt\"},\"image\":{\"@id\":\"https:\/\/lencsesibiobolt.hu\/#\/schema\/logo\/image\/\"},\"sameAs\":[\"https:\/\/www.facebook.com\/lencsesibiobolt\"]}]}<\/script>\n<!-- \/ Yoast SEO plugin. -->","yoast_head_json":{"title":"Ganocafe classic 30db - Lencs\u00e9si Biobolt","robots":{"index":"index","follow":"follow","max-snippet":"max-snippet:-1","max-image-preview":"max-image-preview:large","max-video-preview":"max-video-preview:-1"},"canonical":"https:\/\/lencsesibiobolt.hu\/?product=ganocafe-classic-30db","og_locale":"hu_HU","og_type":"article","og_title":"Ganocafe classic 30db - Lencs\u00e9si Biobolt","og_description":"Egys\u00e9g\u00e1r: 176,6 Ft\/db","og_url":"https:\/\/lencsesibiobolt.hu\/?product=ganocafe-classic-30db","og_site_name":"Lencs\u00e9si Biobolt","article_publisher":"https:\/\/www.facebook.com\/lencsesibiobolt","article_modified_time":"2025-05-20T07:19:24+00:00","og_image":[{"width":516,"height":484,"url":"https:\/\/lencsesibiobolt.hu\/wp-content\/uploads\/2024\/02\/IMG_20221004_094157-removebg-preview.png","type":"image\/png"}],"twitter_card":"summary_large_image","twitter_misc":{"Becs\u00fclt olvas\u00e1si id\u0151":"1 perc"},"schema":{"@context":"https:\/\/schema.org","@graph":[{"@type":"WebPage","@id":"https:\/\/lencsesibiobolt.hu\/?product=ganocafe-classic-30db","url":"https:\/\/lencsesibiobolt.hu\/?product=ganocafe-classic-30db","name":"Ganocafe classic 30db - Lencs\u00e9si Biobolt","isPartOf":{"@id":"https:\/\/lencsesibiobolt.hu\/#website"},"primaryImageOfPage":{"@id":"https:\/\/lencsesibiobolt.hu\/?product=ganocafe-classic-30db#primaryimage"},"image":{"@id":"https:\/\/lencsesibiobolt.hu\/?product=ganocafe-classic-30db#primaryimage"},"thumbnailUrl":"https:\/\/lencsesibiobolt.hu\/wp-content\/uploads\/2024\/02\/IMG_20221004_094157-removebg-preview.png","datePublished":"2022-11-01T21:14:14+00:00","dateModified":"2025-05-20T07:19:24+00:00","breadcrumb":{"@id":"https:\/\/lencsesibiobolt.hu\/?product=ganocafe-classic-30db#breadcrumb"},"inLanguage":"hu","potentialAction":[{"@type":"ReadAction","target":["https:\/\/lencsesibiobolt.hu\/?product=ganocafe-classic-30db"]}]},{"@type":"ImageObject","inLanguage":"hu","@id":"https:\/\/lencsesibiobolt.hu\/?product=ganocafe-classic-30db#primaryimage","url":"https:\/\/lencsesibiobolt.hu\/wp-content\/uploads\/2024\/02\/IMG_20221004_094157-removebg-preview.png","contentUrl":"https:\/\/lencsesibiobolt.hu\/wp-content\/uploads\/2024\/02\/IMG_20221004_094157-removebg-preview.png","width":516,"height":484},{"@type":"BreadcrumbList","@id":"https:\/\/lencsesibiobolt.hu\/?product=ganocafe-classic-30db#breadcrumb","itemListElement":[{"@type":"ListItem","position":1,"name":"Kezd\u0151lap","item":"https:\/\/lencsesibiobolt.hu\/"},{"@type":"ListItem","position":2,"name":"Bolt","item":"https:\/\/lencsesibiobolt.hu\/?page_id=401"},{"@type":"ListItem","position":3,"name":"Ganocafe classic 30db"}]},{"@type":"WebSite","@id":"https:\/\/lencsesibiobolt.hu\/#website","url":"https:\/\/lencsesibiobolt.hu\/","name":"Lencs\u00e9si Biobolt","description":"","publisher":{"@id":"https:\/\/lencsesibiobolt.hu\/#organization"},"potentialAction":[{"@type":"SearchAction","target":{"@type":"EntryPoint","urlTemplate":"https:\/\/lencsesibiobolt.hu\/?s={search_term_string}"},"query-input":{"@type":"PropertyValueSpecification","valueRequired":true,"valueName":"search_term_string"}}],"inLanguage":"hu"},{"@type":"Organization","@id":"https:\/\/lencsesibiobolt.hu\/#organization","name":"Lencs\u00e9si Biobolt","url":"https:\/\/lencsesibiobolt.hu\/","logo":{"@type":"ImageObject","inLanguage":"hu","@id":"https:\/\/lencsesibiobolt.hu\/#\/schema\/logo\/image\/","url":"https:\/\/lencsesibiobolt.hu\/wp-content\/uploads\/2024\/01\/cropped-Zold-Kanal-Vegetarianus-Etterem-Logo-masolata-e1705084274293.png","contentUrl":"https:\/\/lencsesibiobolt.hu\/wp-content\/uploads\/2024\/01\/cropped-Zold-Kanal-Vegetarianus-Etterem-Logo-masolata-e1705084274293.png","width":396,"height":268,"caption":"Lencs\u00e9si Biobolt"},"image":{"@id":"https:\/\/lencsesibiobolt.hu\/#\/schema\/logo\/image\/"},"sameAs":["https:\/\/www.facebook.com\/lencsesibiobolt"]}]}},"_links":{"self":[{"href":"https:\/\/lencsesibiobolt.hu\/index.php?rest_route=\/wp\/v2\/product\/5655","targetHints":{"allow":["GET"]}}],"collection":[{"href":"https:\/\/lencsesibiobolt.hu\/index.php?rest_route=\/wp\/v2\/product"}],"about":[{"href":"https:\/\/lencsesibiobolt.hu\/index.php?rest_route=\/wp\/v2\/types\/product"}],"replies":[{"embeddable":true,"href":"https:\/\/lencsesibiobolt.hu\/index.php?rest_route=%2Fwp%2Fv2%2Fcomments&post=5655"}],"wp:featuredmedia":[{"embeddable":true,"href":"https:\/\/lencsesibiobolt.hu\/index.php?rest_route=\/wp\/v2\/media\/6113"}],"wp:attachment":[{"href":"https:\/\/lencsesibiobolt.hu\/index.php?rest_route=%2Fwp%2Fv2%2Fmedia&parent=5655"}],"wp:term":[{"taxonomy":"product_cat","embeddable":true,"href":"https:\/\/lencsesibiobolt.hu\/index.php?rest_route=%2Fwp%2Fv2%2Fproduct_cat&post=5655"},{"taxonomy":"product_tag","embeddable":true,"href":"https:\/\/lencsesibiobolt.hu\/index.php?rest_route=%2Fwp%2Fv2%2Fproduct_tag&post=5655"}],"curies":[{"name":"wp","href":"https:\/\/api.w.org\/{rel}","templated":true}]}}