{"id":5626,"date":"2022-11-01T19:24:02","date_gmt":"2022-11-01T19:24:02","guid":{"rendered":"https:\/\/lencsesibiobolt.hu\/?post_type=product&#038;p=5626"},"modified":"2024-06-12T11:52:42","modified_gmt":"2024-06-12T11:52:42","slug":"bionit-fokhagyma-galagonya-fagyongy-tabletta","status":"publish","type":"product","link":"https:\/\/lencsesibiobolt.hu\/?product=bionit-fokhagyma-galagonya-fagyongy-tabletta","title":{"rendered":"Bionit fokhagyma-galagonya-fagy\u00f6ngy tabletta 150db"},"content":{"rendered":"<p>Fokhagyma-Galagonyavir\u00e1g \u00e9s fagy\u00f6ngy tabletta sz\u0151l\u0151cukorral.<\/p>\n<p>\u00d6sszetev\u0151k: Fokhagyma-galagonyavir\u00e1g \u00e9s fagy\u00f6ngy granul\u00e1tum, sz\u0151l\u0151cukor, hordoz\u00f3k<\/p>\n","protected":false},"excerpt":{"rendered":"<p>Egys\u00e9g\u00e1r: 15,33 Ft\/db<\/p>\n","protected":false},"featured_media":6040,"comment_status":"open","ping_status":"closed","template":"","meta":{"site-sidebar-layout":"default","site-content-layout":"default","ast-global-header-display":"","ast-main-header-display":"","ast-hfb-above-header-display":"","ast-hfb-below-header-display":"","ast-hfb-mobile-header-display":"","site-post-title":"","ast-breadcrumbs-content":"","ast-featured-img":"","footer-sml-layout":"","theme-transparent-header-meta":"default","adv-header-id-meta":"","stick-header-meta":"","header-above-stick-meta":"","header-main-stick-meta":"","header-below-stick-meta":""},"product_cat":[44],"product_tag":[],"class_list":{"0":"post-5626","1":"product","2":"type-product","3":"status-publish","4":"has-post-thumbnail","6":"product_cat-etrend-kiegeszitok","7":"desktop-align-left","8":"tablet-align-left","9":"mobile-align-left","11":"first","12":"instock","13":"shipping-taxable","14":"purchasable","15":"product-type-simple"},"yoast_head":"<!-- This site is optimized with the Yoast SEO plugin v25.1 - https:\/\/yoast.com\/wordpress\/plugins\/seo\/ -->\n<title>Bionit fokhagyma-galagonya-fagy\u00f6ngy tabletta 150db - Lencs\u00e9si Biobolt<\/title>\n<meta name=\"robots\" content=\"index, follow, max-snippet:-1, max-image-preview:large, max-video-preview:-1\" \/>\n<link rel=\"canonical\" href=\"https:\/\/lencsesibiobolt.hu\/?product=bionit-fokhagyma-galagonya-fagyongy-tabletta\" \/>\n<meta property=\"og:locale\" content=\"hu_HU\" \/>\n<meta property=\"og:type\" content=\"article\" \/>\n<meta property=\"og:title\" content=\"Bionit fokhagyma-galagonya-fagy\u00f6ngy tabletta 150db - Lencs\u00e9si Biobolt\" \/>\n<meta property=\"og:description\" content=\"Egys\u00e9g\u00e1r: 15,33 Ft\/db\" \/>\n<meta property=\"og:url\" content=\"https:\/\/lencsesibiobolt.hu\/?product=bionit-fokhagyma-galagonya-fagyongy-tabletta\" \/>\n<meta property=\"og:site_name\" content=\"Lencs\u00e9si Biobolt\" \/>\n<meta property=\"article:publisher\" content=\"https:\/\/www.facebook.com\/lencsesibiobolt\" \/>\n<meta property=\"article:modified_time\" content=\"2024-06-12T11:52:42+00:00\" \/>\n<meta property=\"og:image\" content=\"https:\/\/lencsesibiobolt.hu\/wp-content\/uploads\/2024\/02\/IMG_20221012_083654-removebg-preview.png\" \/>\n\t<meta property=\"og:image:width\" content=\"451\" \/>\n\t<meta property=\"og:image:height\" content=\"553\" \/>\n\t<meta property=\"og:image:type\" content=\"image\/png\" \/>\n<meta name=\"twitter:card\" content=\"summary_large_image\" \/>\n<meta name=\"twitter:label1\" content=\"Becs\u00fclt olvas\u00e1si id\u0151\" \/>\n\t<meta name=\"twitter:data1\" content=\"1 perc\" \/>\n<script type=\"application\/ld+json\" class=\"yoast-schema-graph\">{\"@context\":\"https:\/\/schema.org\",\"@graph\":[{\"@type\":\"WebPage\",\"@id\":\"https:\/\/lencsesibiobolt.hu\/?product=bionit-fokhagyma-galagonya-fagyongy-tabletta\",\"url\":\"https:\/\/lencsesibiobolt.hu\/?product=bionit-fokhagyma-galagonya-fagyongy-tabletta\",\"name\":\"Bionit fokhagyma-galagonya-fagy\u00f6ngy tabletta 150db - Lencs\u00e9si Biobolt\",\"isPartOf\":{\"@id\":\"https:\/\/lencsesibiobolt.hu\/#website\"},\"primaryImageOfPage\":{\"@id\":\"https:\/\/lencsesibiobolt.hu\/?product=bionit-fokhagyma-galagonya-fagyongy-tabletta#primaryimage\"},\"image\":{\"@id\":\"https:\/\/lencsesibiobolt.hu\/?product=bionit-fokhagyma-galagonya-fagyongy-tabletta#primaryimage\"},\"thumbnailUrl\":\"https:\/\/lencsesibiobolt.hu\/wp-content\/uploads\/2024\/02\/IMG_20221012_083654-removebg-preview.png\",\"datePublished\":\"2022-11-01T19:24:02+00:00\",\"dateModified\":\"2024-06-12T11:52:42+00:00\",\"breadcrumb\":{\"@id\":\"https:\/\/lencsesibiobolt.hu\/?product=bionit-fokhagyma-galagonya-fagyongy-tabletta#breadcrumb\"},\"inLanguage\":\"hu\",\"potentialAction\":[{\"@type\":\"ReadAction\",\"target\":[\"https:\/\/lencsesibiobolt.hu\/?product=bionit-fokhagyma-galagonya-fagyongy-tabletta\"]}]},{\"@type\":\"ImageObject\",\"inLanguage\":\"hu\",\"@id\":\"https:\/\/lencsesibiobolt.hu\/?product=bionit-fokhagyma-galagonya-fagyongy-tabletta#primaryimage\",\"url\":\"https:\/\/lencsesibiobolt.hu\/wp-content\/uploads\/2024\/02\/IMG_20221012_083654-removebg-preview.png\",\"contentUrl\":\"https:\/\/lencsesibiobolt.hu\/wp-content\/uploads\/2024\/02\/IMG_20221012_083654-removebg-preview.png\",\"width\":451,\"height\":553},{\"@type\":\"BreadcrumbList\",\"@id\":\"https:\/\/lencsesibiobolt.hu\/?product=bionit-fokhagyma-galagonya-fagyongy-tabletta#breadcrumb\",\"itemListElement\":[{\"@type\":\"ListItem\",\"position\":1,\"name\":\"Kezd\u0151lap\",\"item\":\"https:\/\/lencsesibiobolt.hu\/\"},{\"@type\":\"ListItem\",\"position\":2,\"name\":\"Bolt\",\"item\":\"https:\/\/lencsesibiobolt.hu\/?page_id=401\"},{\"@type\":\"ListItem\",\"position\":3,\"name\":\"Bionit fokhagyma-galagonya-fagy\u00f6ngy tabletta 150db\"}]},{\"@type\":\"WebSite\",\"@id\":\"https:\/\/lencsesibiobolt.hu\/#website\",\"url\":\"https:\/\/lencsesibiobolt.hu\/\",\"name\":\"Lencs\u00e9si Biobolt\",\"description\":\"\",\"publisher\":{\"@id\":\"https:\/\/lencsesibiobolt.hu\/#organization\"},\"potentialAction\":[{\"@type\":\"SearchAction\",\"target\":{\"@type\":\"EntryPoint\",\"urlTemplate\":\"https:\/\/lencsesibiobolt.hu\/?s={search_term_string}\"},\"query-input\":{\"@type\":\"PropertyValueSpecification\",\"valueRequired\":true,\"valueName\":\"search_term_string\"}}],\"inLanguage\":\"hu\"},{\"@type\":\"Organization\",\"@id\":\"https:\/\/lencsesibiobolt.hu\/#organization\",\"name\":\"Lencs\u00e9si Biobolt\",\"url\":\"https:\/\/lencsesibiobolt.hu\/\",\"logo\":{\"@type\":\"ImageObject\",\"inLanguage\":\"hu\",\"@id\":\"https:\/\/lencsesibiobolt.hu\/#\/schema\/logo\/image\/\",\"url\":\"https:\/\/lencsesibiobolt.hu\/wp-content\/uploads\/2024\/01\/cropped-Zold-Kanal-Vegetarianus-Etterem-Logo-masolata-e1705084274293.png\",\"contentUrl\":\"https:\/\/lencsesibiobolt.hu\/wp-content\/uploads\/2024\/01\/cropped-Zold-Kanal-Vegetarianus-Etterem-Logo-masolata-e1705084274293.png\",\"width\":396,\"height\":268,\"caption\":\"Lencs\u00e9si Biobolt\"},\"image\":{\"@id\":\"https:\/\/lencsesibiobolt.hu\/#\/schema\/logo\/image\/\"},\"sameAs\":[\"https:\/\/www.facebook.com\/lencsesibiobolt\"]}]}<\/script>\n<!-- \/ Yoast SEO plugin. -->","yoast_head_json":{"title":"Bionit fokhagyma-galagonya-fagy\u00f6ngy tabletta 150db - Lencs\u00e9si Biobolt","robots":{"index":"index","follow":"follow","max-snippet":"max-snippet:-1","max-image-preview":"max-image-preview:large","max-video-preview":"max-video-preview:-1"},"canonical":"https:\/\/lencsesibiobolt.hu\/?product=bionit-fokhagyma-galagonya-fagyongy-tabletta","og_locale":"hu_HU","og_type":"article","og_title":"Bionit fokhagyma-galagonya-fagy\u00f6ngy tabletta 150db - Lencs\u00e9si Biobolt","og_description":"Egys\u00e9g\u00e1r: 15,33 Ft\/db","og_url":"https:\/\/lencsesibiobolt.hu\/?product=bionit-fokhagyma-galagonya-fagyongy-tabletta","og_site_name":"Lencs\u00e9si Biobolt","article_publisher":"https:\/\/www.facebook.com\/lencsesibiobolt","article_modified_time":"2024-06-12T11:52:42+00:00","og_image":[{"width":451,"height":553,"url":"https:\/\/lencsesibiobolt.hu\/wp-content\/uploads\/2024\/02\/IMG_20221012_083654-removebg-preview.png","type":"image\/png"}],"twitter_card":"summary_large_image","twitter_misc":{"Becs\u00fclt olvas\u00e1si id\u0151":"1 perc"},"schema":{"@context":"https:\/\/schema.org","@graph":[{"@type":"WebPage","@id":"https:\/\/lencsesibiobolt.hu\/?product=bionit-fokhagyma-galagonya-fagyongy-tabletta","url":"https:\/\/lencsesibiobolt.hu\/?product=bionit-fokhagyma-galagonya-fagyongy-tabletta","name":"Bionit fokhagyma-galagonya-fagy\u00f6ngy tabletta 150db - Lencs\u00e9si Biobolt","isPartOf":{"@id":"https:\/\/lencsesibiobolt.hu\/#website"},"primaryImageOfPage":{"@id":"https:\/\/lencsesibiobolt.hu\/?product=bionit-fokhagyma-galagonya-fagyongy-tabletta#primaryimage"},"image":{"@id":"https:\/\/lencsesibiobolt.hu\/?product=bionit-fokhagyma-galagonya-fagyongy-tabletta#primaryimage"},"thumbnailUrl":"https:\/\/lencsesibiobolt.hu\/wp-content\/uploads\/2024\/02\/IMG_20221012_083654-removebg-preview.png","datePublished":"2022-11-01T19:24:02+00:00","dateModified":"2024-06-12T11:52:42+00:00","breadcrumb":{"@id":"https:\/\/lencsesibiobolt.hu\/?product=bionit-fokhagyma-galagonya-fagyongy-tabletta#breadcrumb"},"inLanguage":"hu","potentialAction":[{"@type":"ReadAction","target":["https:\/\/lencsesibiobolt.hu\/?product=bionit-fokhagyma-galagonya-fagyongy-tabletta"]}]},{"@type":"ImageObject","inLanguage":"hu","@id":"https:\/\/lencsesibiobolt.hu\/?product=bionit-fokhagyma-galagonya-fagyongy-tabletta#primaryimage","url":"https:\/\/lencsesibiobolt.hu\/wp-content\/uploads\/2024\/02\/IMG_20221012_083654-removebg-preview.png","contentUrl":"https:\/\/lencsesibiobolt.hu\/wp-content\/uploads\/2024\/02\/IMG_20221012_083654-removebg-preview.png","width":451,"height":553},{"@type":"BreadcrumbList","@id":"https:\/\/lencsesibiobolt.hu\/?product=bionit-fokhagyma-galagonya-fagyongy-tabletta#breadcrumb","itemListElement":[{"@type":"ListItem","position":1,"name":"Kezd\u0151lap","item":"https:\/\/lencsesibiobolt.hu\/"},{"@type":"ListItem","position":2,"name":"Bolt","item":"https:\/\/lencsesibiobolt.hu\/?page_id=401"},{"@type":"ListItem","position":3,"name":"Bionit fokhagyma-galagonya-fagy\u00f6ngy tabletta 150db"}]},{"@type":"WebSite","@id":"https:\/\/lencsesibiobolt.hu\/#website","url":"https:\/\/lencsesibiobolt.hu\/","name":"Lencs\u00e9si Biobolt","description":"","publisher":{"@id":"https:\/\/lencsesibiobolt.hu\/#organization"},"potentialAction":[{"@type":"SearchAction","target":{"@type":"EntryPoint","urlTemplate":"https:\/\/lencsesibiobolt.hu\/?s={search_term_string}"},"query-input":{"@type":"PropertyValueSpecification","valueRequired":true,"valueName":"search_term_string"}}],"inLanguage":"hu"},{"@type":"Organization","@id":"https:\/\/lencsesibiobolt.hu\/#organization","name":"Lencs\u00e9si Biobolt","url":"https:\/\/lencsesibiobolt.hu\/","logo":{"@type":"ImageObject","inLanguage":"hu","@id":"https:\/\/lencsesibiobolt.hu\/#\/schema\/logo\/image\/","url":"https:\/\/lencsesibiobolt.hu\/wp-content\/uploads\/2024\/01\/cropped-Zold-Kanal-Vegetarianus-Etterem-Logo-masolata-e1705084274293.png","contentUrl":"https:\/\/lencsesibiobolt.hu\/wp-content\/uploads\/2024\/01\/cropped-Zold-Kanal-Vegetarianus-Etterem-Logo-masolata-e1705084274293.png","width":396,"height":268,"caption":"Lencs\u00e9si Biobolt"},"image":{"@id":"https:\/\/lencsesibiobolt.hu\/#\/schema\/logo\/image\/"},"sameAs":["https:\/\/www.facebook.com\/lencsesibiobolt"]}]}},"_links":{"self":[{"href":"https:\/\/lencsesibiobolt.hu\/index.php?rest_route=\/wp\/v2\/product\/5626","targetHints":{"allow":["GET"]}}],"collection":[{"href":"https:\/\/lencsesibiobolt.hu\/index.php?rest_route=\/wp\/v2\/product"}],"about":[{"href":"https:\/\/lencsesibiobolt.hu\/index.php?rest_route=\/wp\/v2\/types\/product"}],"replies":[{"embeddable":true,"href":"https:\/\/lencsesibiobolt.hu\/index.php?rest_route=%2Fwp%2Fv2%2Fcomments&post=5626"}],"wp:featuredmedia":[{"embeddable":true,"href":"https:\/\/lencsesibiobolt.hu\/index.php?rest_route=\/wp\/v2\/media\/6040"}],"wp:attachment":[{"href":"https:\/\/lencsesibiobolt.hu\/index.php?rest_route=%2Fwp%2Fv2%2Fmedia&parent=5626"}],"wp:term":[{"taxonomy":"product_cat","embeddable":true,"href":"https:\/\/lencsesibiobolt.hu\/index.php?rest_route=%2Fwp%2Fv2%2Fproduct_cat&post=5626"},{"taxonomy":"product_tag","embeddable":true,"href":"https:\/\/lencsesibiobolt.hu\/index.php?rest_route=%2Fwp%2Fv2%2Fproduct_tag&post=5626"}],"curies":[{"name":"wp","href":"https:\/\/api.w.org\/{rel}","templated":true}]}}