{"id":5604,"date":"2022-10-29T14:15:58","date_gmt":"2022-10-29T14:15:58","guid":{"rendered":"https:\/\/lencsesibiobolt.hu\/?post_type=product&#038;p=5604"},"modified":"2025-05-20T07:28:37","modified_gmt":"2025-05-20T07:28:37","slug":"dr-theiss-iron-energy-30db","status":"publish","type":"product","link":"https:\/\/lencsesibiobolt.hu\/?product=dr-theiss-iron-energy-30db","title":{"rendered":"Dr. Theiss Iron Energy 30db"},"content":{"rendered":"<p>Vasat \u00e9s vitaminokat tartalmaz\u00f3 \u00e9trendkieg\u00e9sz\u00edt\u0151 kapszula 30db<\/p>\n<p>A vas hozz\u00e1j\u00e1rul \u2022 a norm\u00e1l v\u00f6r\u00f6sv\u00e9rsejt- \u00e9s hemoglobin-k\u00e9pz\u0151d\u00e9shez, \u2022 az immunrendszer norm\u00e1l m\u0171k\u00f6d\u00e9s\u00e9hez, \u2022 a f\u00e1radts\u00e1g \u00e9s a kif\u00e1rad\u00e1s cs\u00f6kkent\u00e9s\u00e9hez. A C-vitamin fokozza a vas felsz\u00edv\u00f3d\u00e1s\u00e1t. 100 % vasbevitel* A folsav, valamint a B6- \u00e9s a B12-vitamin hozz\u00e1j\u00e1rul a norm\u00e1l v\u00f6r\u00f6sv\u00e9rsejt-k\u00e9pz\u0151d\u00e9shez. A vas, a folsav, a C-, a B6- \u00e9s a B12-vitamin hozz\u00e1j\u00e1rul a f\u00e1radts\u00e1g \u00e9s a kif\u00e1rad\u00e1s cs\u00f6kkent\u00e9s\u00e9hez, valamint az immunrendszer norm\u00e1l m\u0171k\u00f6d\u00e9s\u00e9hez. Adagol\u00e1si javaslat: Feln\u0151tteknek naponta 1 kapszula. Figyelmeztet\u00e9s: Feln\u0151ttek sz\u00e1m\u00e1ra k\u00e9sz\u00fclt term\u00e9k. A napi aj\u00e1nlott mennyis\u00e9get ne l\u00e9pje t\u00fal! Az \u00e9trend-kieg\u00e9sz\u00edt\u0151 nem helyettes\u00edti a kiegyens\u00falyozott, vegyes \u00e9trendet \u00e9s az eg\u00e9szs\u00e9ges \u00e9letm\u00f3dot. Kisgyermekek el\u0151l elz\u00e1rva tartand\u00f3! V\u00e1rand\u00f3sok, szoptat\u00f3 any\u00e1k, valamint gy\u00f3gyszert szed\u0151k a fogyaszt\u00e1s el\u0151tt konzult\u00e1ljanak orvosukkal. \u00d6sszetev\u0151k: t\u00f6megn\u00f6vel\u0151 szer: mikrokrist\u00e1lyos cellul\u00f3z; zselatin, L-aszkorbinsav (C-vitamin), vas-biszglicin\u00e1t, csom\u00f3sod\u00e1sg\u00e1tl\u00f3 anyag: zs\u00edrsavak magn\u00e9ziums\u00f3i; cianokobalamin (B12-vitamin) por: maltodextrin, trin\u00e1trium-citr\u00e1t, citromdav, cianokobalamin; piridoxin-hidroklorid (B6-vitamin), sz\u00ednez\u00e9k: v\u00f6r\u00f6s vas-oxid; folsav.<\/p>\n","protected":false},"excerpt":{"rendered":"<p>Egys\u00e9g\u00e1r: 53,33 Ft\/db<\/p>\n","protected":false},"featured_media":6054,"comment_status":"open","ping_status":"closed","template":"","meta":{"site-sidebar-layout":"default","site-content-layout":"default","ast-global-header-display":"","ast-main-header-display":"","ast-hfb-above-header-display":"","ast-hfb-below-header-display":"","ast-hfb-mobile-header-display":"","site-post-title":"","ast-breadcrumbs-content":"","ast-featured-img":"","footer-sml-layout":"","theme-transparent-header-meta":"default","adv-header-id-meta":"","stick-header-meta":"","header-above-stick-meta":"","header-main-stick-meta":"","header-below-stick-meta":""},"product_cat":[44],"product_tag":[],"class_list":{"0":"post-5604","1":"product","2":"type-product","3":"status-publish","4":"has-post-thumbnail","6":"product_cat-etrend-kiegeszitok","7":"desktop-align-left","8":"tablet-align-left","9":"mobile-align-left","11":"first","12":"instock","13":"shipping-taxable","14":"purchasable","15":"product-type-simple"},"yoast_head":"<!-- This site is optimized with the Yoast SEO plugin v25.1 - https:\/\/yoast.com\/wordpress\/plugins\/seo\/ -->\n<title>Dr. Theiss Iron Energy 30db - Lencs\u00e9si Biobolt<\/title>\n<meta name=\"robots\" content=\"index, follow, max-snippet:-1, max-image-preview:large, max-video-preview:-1\" \/>\n<link rel=\"canonical\" href=\"https:\/\/lencsesibiobolt.hu\/?product=dr-theiss-iron-energy-30db\" \/>\n<meta property=\"og:locale\" content=\"hu_HU\" \/>\n<meta property=\"og:type\" content=\"article\" \/>\n<meta property=\"og:title\" content=\"Dr. Theiss Iron Energy 30db - Lencs\u00e9si Biobolt\" \/>\n<meta property=\"og:description\" content=\"Egys\u00e9g\u00e1r: 53,33 Ft\/db\" \/>\n<meta property=\"og:url\" content=\"https:\/\/lencsesibiobolt.hu\/?product=dr-theiss-iron-energy-30db\" \/>\n<meta property=\"og:site_name\" content=\"Lencs\u00e9si Biobolt\" \/>\n<meta property=\"article:publisher\" content=\"https:\/\/www.facebook.com\/lencsesibiobolt\" \/>\n<meta property=\"article:modified_time\" content=\"2025-05-20T07:28:37+00:00\" \/>\n<meta property=\"og:image\" content=\"https:\/\/lencsesibiobolt.hu\/wp-content\/uploads\/2024\/02\/IMG_20221023_200934-removebg-preview.png\" \/>\n\t<meta property=\"og:image:width\" content=\"473\" \/>\n\t<meta property=\"og:image:height\" content=\"527\" \/>\n\t<meta property=\"og:image:type\" content=\"image\/png\" \/>\n<meta name=\"twitter:card\" content=\"summary_large_image\" \/>\n<meta name=\"twitter:label1\" content=\"Becs\u00fclt olvas\u00e1si id\u0151\" \/>\n\t<meta name=\"twitter:data1\" content=\"1 perc\" \/>\n<script type=\"application\/ld+json\" class=\"yoast-schema-graph\">{\"@context\":\"https:\/\/schema.org\",\"@graph\":[{\"@type\":\"WebPage\",\"@id\":\"https:\/\/lencsesibiobolt.hu\/?product=dr-theiss-iron-energy-30db\",\"url\":\"https:\/\/lencsesibiobolt.hu\/?product=dr-theiss-iron-energy-30db\",\"name\":\"Dr. Theiss Iron Energy 30db - Lencs\u00e9si Biobolt\",\"isPartOf\":{\"@id\":\"https:\/\/lencsesibiobolt.hu\/#website\"},\"primaryImageOfPage\":{\"@id\":\"https:\/\/lencsesibiobolt.hu\/?product=dr-theiss-iron-energy-30db#primaryimage\"},\"image\":{\"@id\":\"https:\/\/lencsesibiobolt.hu\/?product=dr-theiss-iron-energy-30db#primaryimage\"},\"thumbnailUrl\":\"https:\/\/lencsesibiobolt.hu\/wp-content\/uploads\/2024\/02\/IMG_20221023_200934-removebg-preview.png\",\"datePublished\":\"2022-10-29T14:15:58+00:00\",\"dateModified\":\"2025-05-20T07:28:37+00:00\",\"breadcrumb\":{\"@id\":\"https:\/\/lencsesibiobolt.hu\/?product=dr-theiss-iron-energy-30db#breadcrumb\"},\"inLanguage\":\"hu\",\"potentialAction\":[{\"@type\":\"ReadAction\",\"target\":[\"https:\/\/lencsesibiobolt.hu\/?product=dr-theiss-iron-energy-30db\"]}]},{\"@type\":\"ImageObject\",\"inLanguage\":\"hu\",\"@id\":\"https:\/\/lencsesibiobolt.hu\/?product=dr-theiss-iron-energy-30db#primaryimage\",\"url\":\"https:\/\/lencsesibiobolt.hu\/wp-content\/uploads\/2024\/02\/IMG_20221023_200934-removebg-preview.png\",\"contentUrl\":\"https:\/\/lencsesibiobolt.hu\/wp-content\/uploads\/2024\/02\/IMG_20221023_200934-removebg-preview.png\",\"width\":473,\"height\":527},{\"@type\":\"BreadcrumbList\",\"@id\":\"https:\/\/lencsesibiobolt.hu\/?product=dr-theiss-iron-energy-30db#breadcrumb\",\"itemListElement\":[{\"@type\":\"ListItem\",\"position\":1,\"name\":\"Kezd\u0151lap\",\"item\":\"https:\/\/lencsesibiobolt.hu\/\"},{\"@type\":\"ListItem\",\"position\":2,\"name\":\"Bolt\",\"item\":\"https:\/\/lencsesibiobolt.hu\/?page_id=401\"},{\"@type\":\"ListItem\",\"position\":3,\"name\":\"Dr. Theiss Iron Energy 30db\"}]},{\"@type\":\"WebSite\",\"@id\":\"https:\/\/lencsesibiobolt.hu\/#website\",\"url\":\"https:\/\/lencsesibiobolt.hu\/\",\"name\":\"Lencs\u00e9si Biobolt\",\"description\":\"\",\"publisher\":{\"@id\":\"https:\/\/lencsesibiobolt.hu\/#organization\"},\"potentialAction\":[{\"@type\":\"SearchAction\",\"target\":{\"@type\":\"EntryPoint\",\"urlTemplate\":\"https:\/\/lencsesibiobolt.hu\/?s={search_term_string}\"},\"query-input\":{\"@type\":\"PropertyValueSpecification\",\"valueRequired\":true,\"valueName\":\"search_term_string\"}}],\"inLanguage\":\"hu\"},{\"@type\":\"Organization\",\"@id\":\"https:\/\/lencsesibiobolt.hu\/#organization\",\"name\":\"Lencs\u00e9si Biobolt\",\"url\":\"https:\/\/lencsesibiobolt.hu\/\",\"logo\":{\"@type\":\"ImageObject\",\"inLanguage\":\"hu\",\"@id\":\"https:\/\/lencsesibiobolt.hu\/#\/schema\/logo\/image\/\",\"url\":\"https:\/\/lencsesibiobolt.hu\/wp-content\/uploads\/2024\/01\/cropped-Zold-Kanal-Vegetarianus-Etterem-Logo-masolata-e1705084274293.png\",\"contentUrl\":\"https:\/\/lencsesibiobolt.hu\/wp-content\/uploads\/2024\/01\/cropped-Zold-Kanal-Vegetarianus-Etterem-Logo-masolata-e1705084274293.png\",\"width\":396,\"height\":268,\"caption\":\"Lencs\u00e9si Biobolt\"},\"image\":{\"@id\":\"https:\/\/lencsesibiobolt.hu\/#\/schema\/logo\/image\/\"},\"sameAs\":[\"https:\/\/www.facebook.com\/lencsesibiobolt\"]}]}<\/script>\n<!-- \/ Yoast SEO plugin. -->","yoast_head_json":{"title":"Dr. Theiss Iron Energy 30db - Lencs\u00e9si Biobolt","robots":{"index":"index","follow":"follow","max-snippet":"max-snippet:-1","max-image-preview":"max-image-preview:large","max-video-preview":"max-video-preview:-1"},"canonical":"https:\/\/lencsesibiobolt.hu\/?product=dr-theiss-iron-energy-30db","og_locale":"hu_HU","og_type":"article","og_title":"Dr. Theiss Iron Energy 30db - Lencs\u00e9si Biobolt","og_description":"Egys\u00e9g\u00e1r: 53,33 Ft\/db","og_url":"https:\/\/lencsesibiobolt.hu\/?product=dr-theiss-iron-energy-30db","og_site_name":"Lencs\u00e9si Biobolt","article_publisher":"https:\/\/www.facebook.com\/lencsesibiobolt","article_modified_time":"2025-05-20T07:28:37+00:00","og_image":[{"width":473,"height":527,"url":"https:\/\/lencsesibiobolt.hu\/wp-content\/uploads\/2024\/02\/IMG_20221023_200934-removebg-preview.png","type":"image\/png"}],"twitter_card":"summary_large_image","twitter_misc":{"Becs\u00fclt olvas\u00e1si id\u0151":"1 perc"},"schema":{"@context":"https:\/\/schema.org","@graph":[{"@type":"WebPage","@id":"https:\/\/lencsesibiobolt.hu\/?product=dr-theiss-iron-energy-30db","url":"https:\/\/lencsesibiobolt.hu\/?product=dr-theiss-iron-energy-30db","name":"Dr. Theiss Iron Energy 30db - Lencs\u00e9si Biobolt","isPartOf":{"@id":"https:\/\/lencsesibiobolt.hu\/#website"},"primaryImageOfPage":{"@id":"https:\/\/lencsesibiobolt.hu\/?product=dr-theiss-iron-energy-30db#primaryimage"},"image":{"@id":"https:\/\/lencsesibiobolt.hu\/?product=dr-theiss-iron-energy-30db#primaryimage"},"thumbnailUrl":"https:\/\/lencsesibiobolt.hu\/wp-content\/uploads\/2024\/02\/IMG_20221023_200934-removebg-preview.png","datePublished":"2022-10-29T14:15:58+00:00","dateModified":"2025-05-20T07:28:37+00:00","breadcrumb":{"@id":"https:\/\/lencsesibiobolt.hu\/?product=dr-theiss-iron-energy-30db#breadcrumb"},"inLanguage":"hu","potentialAction":[{"@type":"ReadAction","target":["https:\/\/lencsesibiobolt.hu\/?product=dr-theiss-iron-energy-30db"]}]},{"@type":"ImageObject","inLanguage":"hu","@id":"https:\/\/lencsesibiobolt.hu\/?product=dr-theiss-iron-energy-30db#primaryimage","url":"https:\/\/lencsesibiobolt.hu\/wp-content\/uploads\/2024\/02\/IMG_20221023_200934-removebg-preview.png","contentUrl":"https:\/\/lencsesibiobolt.hu\/wp-content\/uploads\/2024\/02\/IMG_20221023_200934-removebg-preview.png","width":473,"height":527},{"@type":"BreadcrumbList","@id":"https:\/\/lencsesibiobolt.hu\/?product=dr-theiss-iron-energy-30db#breadcrumb","itemListElement":[{"@type":"ListItem","position":1,"name":"Kezd\u0151lap","item":"https:\/\/lencsesibiobolt.hu\/"},{"@type":"ListItem","position":2,"name":"Bolt","item":"https:\/\/lencsesibiobolt.hu\/?page_id=401"},{"@type":"ListItem","position":3,"name":"Dr. Theiss Iron Energy 30db"}]},{"@type":"WebSite","@id":"https:\/\/lencsesibiobolt.hu\/#website","url":"https:\/\/lencsesibiobolt.hu\/","name":"Lencs\u00e9si Biobolt","description":"","publisher":{"@id":"https:\/\/lencsesibiobolt.hu\/#organization"},"potentialAction":[{"@type":"SearchAction","target":{"@type":"EntryPoint","urlTemplate":"https:\/\/lencsesibiobolt.hu\/?s={search_term_string}"},"query-input":{"@type":"PropertyValueSpecification","valueRequired":true,"valueName":"search_term_string"}}],"inLanguage":"hu"},{"@type":"Organization","@id":"https:\/\/lencsesibiobolt.hu\/#organization","name":"Lencs\u00e9si Biobolt","url":"https:\/\/lencsesibiobolt.hu\/","logo":{"@type":"ImageObject","inLanguage":"hu","@id":"https:\/\/lencsesibiobolt.hu\/#\/schema\/logo\/image\/","url":"https:\/\/lencsesibiobolt.hu\/wp-content\/uploads\/2024\/01\/cropped-Zold-Kanal-Vegetarianus-Etterem-Logo-masolata-e1705084274293.png","contentUrl":"https:\/\/lencsesibiobolt.hu\/wp-content\/uploads\/2024\/01\/cropped-Zold-Kanal-Vegetarianus-Etterem-Logo-masolata-e1705084274293.png","width":396,"height":268,"caption":"Lencs\u00e9si Biobolt"},"image":{"@id":"https:\/\/lencsesibiobolt.hu\/#\/schema\/logo\/image\/"},"sameAs":["https:\/\/www.facebook.com\/lencsesibiobolt"]}]}},"_links":{"self":[{"href":"https:\/\/lencsesibiobolt.hu\/index.php?rest_route=\/wp\/v2\/product\/5604","targetHints":{"allow":["GET"]}}],"collection":[{"href":"https:\/\/lencsesibiobolt.hu\/index.php?rest_route=\/wp\/v2\/product"}],"about":[{"href":"https:\/\/lencsesibiobolt.hu\/index.php?rest_route=\/wp\/v2\/types\/product"}],"replies":[{"embeddable":true,"href":"https:\/\/lencsesibiobolt.hu\/index.php?rest_route=%2Fwp%2Fv2%2Fcomments&post=5604"}],"wp:featuredmedia":[{"embeddable":true,"href":"https:\/\/lencsesibiobolt.hu\/index.php?rest_route=\/wp\/v2\/media\/6054"}],"wp:attachment":[{"href":"https:\/\/lencsesibiobolt.hu\/index.php?rest_route=%2Fwp%2Fv2%2Fmedia&parent=5604"}],"wp:term":[{"taxonomy":"product_cat","embeddable":true,"href":"https:\/\/lencsesibiobolt.hu\/index.php?rest_route=%2Fwp%2Fv2%2Fproduct_cat&post=5604"},{"taxonomy":"product_tag","embeddable":true,"href":"https:\/\/lencsesibiobolt.hu\/index.php?rest_route=%2Fwp%2Fv2%2Fproduct_tag&post=5604"}],"curies":[{"name":"wp","href":"https:\/\/api.w.org\/{rel}","templated":true}]}}